{"id":1150,"date":"2020-05-09T15:44:17","date_gmt":"2020-05-09T13:44:17","guid":{"rendered":"http:\/\/vcvvyzvzkp8.c.updraftclone.com\/kontakt\/"},"modified":"2025-07-02T21:36:42","modified_gmt":"2025-07-02T19:36:42","slug":"kontakt","status":"publish","type":"page","link":"https:\/\/yourhumandesign.ch\/de\/kontakt\/","title":{"rendered":"Kontakt"},"content":{"rendered":"\n<div style=\"padding-bottom:10%\" class=\"wp-block-genesis-blocks-gb-container fade-in-up gb-block-container\"><div class=\"gb-container-inside\"><div class=\"gb-container-content\" style=\"max-width:1200px\">\n<h2 class=\"wp-block-heading\">Schreib mich<\/h2>\n\n\n\n<div style=\"height:30px\" aria-hidden=\"true\" class=\"wp-block-spacer\"><\/div>\n\n\n<p><div class=\"forminator-ui forminator-custom-form forminator-custom-form-3242 forminator-design--default  forminator_ajax\" data-forminator-render=\"0\" data-form=\"forminator-module-3242\" data-uid=\"69ed28a949a30\"><br\/><\/div><form\n\t\t\t\tid=\"forminator-module-3242\"\n\t\t\t\tclass=\"forminator-ui forminator-custom-form forminator-custom-form-3242 forminator-design--default  forminator_ajax\"\n\t\t\t\tmethod=\"post\"\n\t\t\t\tdata-forminator-render=\"0\"\n\t\t\t\tdata-form-id=\"3242\"\n\t\t\t\t data-color-option=\"default\" data-design=\"default\" data-grid=\"open\" style=\"display: none;\"\n\t\t\t\tdata-uid=\"69ed28a949a30\"\n\t\t\t><div role=\"alert\" aria-live=\"polite\" class=\"forminator-response-message forminator-error\" aria-hidden=\"true\"><\/div><div class=\"forminator-row\"><div id=\"name-1\" class=\"forminator-field-name forminator-col forminator-col-12 \"><div class=\"forminator-row forminator-no-margin\" data-multiple=\"true\"><div class=\"forminator-col forminator-col-md-6\"><div class=\"forminator-field\"><label for=\"forminator-field-first-name-1_69ed28a949a30\" id=\"forminator-field-first-name-1_69ed28a949a30-label\" class=\"forminator-label\">Vorname <span class=\"forminator-required\">*<\/span><\/label><input type=\"text\" name=\"name-1-first-name\" placeholder=\"\" id=\"forminator-field-first-name-1_69ed28a949a30\" class=\"forminator-input\" aria-required=\"true\" data-multi=\"1\" autocomplete=\"given-name\" value=\"\" \/><\/div><\/div><div class=\"forminator-col forminator-col-md-6\"><div class=\"forminator-field\"><label for=\"forminator-field-last-name-1_69ed28a949a30\" id=\"forminator-field-last-name-1_69ed28a949a30-label\" class=\"forminator-label\">Nachname <span class=\"forminator-required\">*<\/span><\/label><input type=\"text\" name=\"name-1-last-name\" placeholder=\"\" id=\"forminator-field-last-name-1_69ed28a949a30\" class=\"forminator-input\" aria-required=\"true\" data-multi=\"1\" autocomplete=\"family-name\" value=\"\" \/><\/div><\/div><\/div><\/div><\/div><div class=\"forminator-row\"><div id=\"email-1\" class=\"forminator-field-email forminator-col forminator-col-12 \"><div class=\"forminator-field\"><label for=\"forminator-field-email-1_69ed28a949a30\" id=\"forminator-field-email-1_69ed28a949a30-label\" class=\"forminator-label\">E-Mail Addresse <span class=\"forminator-required\">*<\/span><\/label><input type=\"email\" name=\"email-1\" value=\"\" placeholder=\"\" id=\"forminator-field-email-1_69ed28a949a30\" class=\"forminator-input forminator-email--field\" data-required=\"true\" aria-required=\"true\" autocomplete=\"email\" \/><\/div><\/div><\/div><div class=\"forminator-row\"><div id=\"phone-1\" class=\"forminator-field-phone forminator-col forminator-col-12 \"><div class=\"forminator-field\"><label for=\"forminator-field-phone-1_69ed28a949a30\" id=\"forminator-field-phone-1_69ed28a949a30-label\" class=\"forminator-label\">Telefonnummer<\/label><input type=\"text\" name=\"phone-1\" value=\"\" placeholder=\"\" id=\"forminator-field-phone-1_69ed28a949a30\" class=\"forminator-input forminator-field--phone\" data-required=\"\" aria-required=\"false\" autocomplete=\"off\" \/><\/div><\/div><\/div><div class=\"forminator-row\"><div id=\"textarea-1\" class=\"forminator-field-textarea forminator-col forminator-col-12 \"><div class=\"forminator-field\"><label for=\"forminator-field-textarea-1_69ed28a949a30\" id=\"forminator-field-textarea-1_69ed28a949a30-label\" class=\"forminator-label\">Deine Nachricht <span class=\"forminator-required\">*<\/span><\/label><textarea name=\"textarea-1\" placeholder=\"\" id=\"forminator-field-textarea-1_69ed28a949a30\" class=\"forminator-textarea\" rows=\"6\" style=\"--forminator-textarea-min-height:140px;\" maxlength=\"500\" ><\/textarea><span id=\"forminator-field-textarea-1_69ed28a949a30-description\" class=\"forminator-description\"><span data-limit=\"500\" data-type=\"characters\" data-editor=\"\">0 \/ 500<\/span><\/span><\/div><\/div><\/div><div class=\"forminator-row\"><div id=\"captcha-1\" class=\"forminator-field-captcha forminator-col forminator-col-12 \"><div class=\"forminator-captcha-left forminator-turnstile\" data-theme=\"auto\" data-language=\"de-de\" data-sitekey=\"0x4AAAAAAAfXbUdg_1V4Ifan\" data-size=\"normal\"><\/div> <\/div><\/div><input type=\"hidden\" name=\"referer_url\" value=\"\" \/><div class=\"forminator-row forminator-row-last\"><div class=\"forminator-col\"><div class=\"forminator-field\"><button class=\"forminator-button forminator-button-submit\">Nachricht senden<\/button><\/div><\/div><\/div><input type=\"hidden\" id=\"forminator_nonce\" name=\"forminator_nonce\" value=\"3c6962bd26\" \/><input type=\"hidden\" name=\"_wp_http_referer\" value=\"\/de\/wp-json\/wp\/v2\/pages\/1150\" \/><input type=\"hidden\" name=\"form_id\" value=\"3242\"><input type=\"hidden\" name=\"page_id\" value=\"1150\"><input type=\"hidden\" name=\"form_type\" value=\"default\"><input type=\"hidden\" name=\"current_url\" value=\"https:\/\/yourhumandesign.ch\/de\/kontakt\/\"><input type=\"hidden\" name=\"render_id\" value=\"0\"><input type=\"hidden\" name=\"action\" value=\"forminator_submit_form_custom-forms\"><label for=\"input_5\" class=\"forminator-hidden\" aria-hidden=\"true\">Bitte f\u00fclle dieses Feld nicht aus. <input id=\"input_5\" type=\"text\" name=\"input_5\" value=\"\" autocomplete=\"off\"><\/label><\/form><\/p>\n<\/div><\/div><\/div>\n\n\n\n<hr class=\"wp-block-separator has-css-opacity\"\/>\n\n\n\n<h2 class=\"wp-block-heading fade-in-up\" id=\"newsletter-abonnieren\">Your Human Design Newsletter<\/h2>\n\n\n\n<p class=\"fade-in-up\">F\u00fcr mehr Information aus der Welt des Human Designs, und wie Du es anwenden kannst um Dein Leben einfacher und effektiver zu gestalten, melde Dich an f\u00fcr den <strong>Newsletter<\/strong>.<\/p>\n\n\n\n<div class=\"wp-block-buttons is-layout-flex wp-block-buttons-is-layout-flex\">\n<div class=\"wp-block-button has-custom-font-size fade-in-up gb-block-button\" style=\"font-size:20px;line-height:1.2\"><a class=\"wp-block-button__link has-text-color has-background wp-element-button\" href=\"http:\/\/eepurl.com\/gpGBsr\" style=\"border-radius:5px;color:#ffffff;background-color:#262728;padding-top:10px;padding-right:1em;padding-bottom:10px;padding-left:1em\">Ja, ich melde mich an<\/a><\/div>\n<\/div>\n\n\n\n<p>Jede Monat erh\u00e4ltst Du 1-2 Updates, mit den aktuellen Transiten und Sonderangeboten nur f\u00fcr Abonnenten. <\/p>\n","protected":false},"excerpt":{"rendered":"<p>Your Human Design Newsletter F\u00fcr mehr Information aus der Welt des Human Designs, und wie Du es anwenden kannst um Dein Leben einfacher und effektiver zu gestalten, melde Dich an f\u00fcr den Newsletter. Jede Monat erh\u00e4ltst Du 1-2 Updates, mit den aktuellen Transiten und Sonderangeboten nur f\u00fcr Abonnenten.<\/p>\n","protected":false},"author":2,"featured_media":0,"parent":0,"menu_order":0,"comment_status":"closed","ping_status":"closed","template":"","meta":{"_genesis_hide_title":false,"_genesis_hide_breadcrumbs":false,"_genesis_hide_singular_image":false,"_genesis_hide_footer_widgets":false,"_genesis_custom_body_class":"","_genesis_custom_post_class":"","_genesis_layout":"","footnotes":""},"class_list":{"0":"post-1150","1":"page","2":"type-page","3":"status-publish","5":"entry"},"aioseo_notices":[],"featured_image_src":null,"featured_image_src_square":null,"_links":{"self":[{"href":"https:\/\/yourhumandesign.ch\/de\/wp-json\/wp\/v2\/pages\/1150","targetHints":{"allow":["GET"]}}],"collection":[{"href":"https:\/\/yourhumandesign.ch\/de\/wp-json\/wp\/v2\/pages"}],"about":[{"href":"https:\/\/yourhumandesign.ch\/de\/wp-json\/wp\/v2\/types\/page"}],"author":[{"embeddable":true,"href":"https:\/\/yourhumandesign.ch\/de\/wp-json\/wp\/v2\/users\/2"}],"replies":[{"embeddable":true,"href":"https:\/\/yourhumandesign.ch\/de\/wp-json\/wp\/v2\/comments?post=1150"}],"version-history":[{"count":1,"href":"https:\/\/yourhumandesign.ch\/de\/wp-json\/wp\/v2\/pages\/1150\/revisions"}],"predecessor-version":[{"id":6873,"href":"https:\/\/yourhumandesign.ch\/de\/wp-json\/wp\/v2\/pages\/1150\/revisions\/6873"}],"wp:attachment":[{"href":"https:\/\/yourhumandesign.ch\/de\/wp-json\/wp\/v2\/media?parent=1150"}],"curies":[{"name":"wp","href":"https:\/\/api.w.org\/{rel}","templated":true}]}}