{"id":1179,"date":"2020-05-17T01:04:11","date_gmt":"2020-05-16T23:04:11","guid":{"rendered":"http:\/\/vcvvyzvzkp8.c.updraftclone.com\/?page_id=1179"},"modified":"2025-06-28T16:54:55","modified_gmt":"2025-06-28T14:54:55","slug":"datenschutz-bestimmungen","status":"publish","type":"page","link":"https:\/\/yourhumandesign.ch\/de\/datenschutz-bestimmungen\/","title":{"rendered":"Datenschutz-Bestimmungen"},"content":{"rendered":"\n<h2 class=\"wp-block-heading\">Datenschutz-Bestimmungen<\/h2>\n\n\n\n<p>Wir verpflichten uns, die Privatsph\u00e4re unserer Website-Besucher zu sch\u00fctzen. Diese Richtlinien legen fest, wie wir Ihre pers\u00f6nlichen Daten behandeln.<\/p>\n\n\n\n<p>(1) Wer wir sind<br>Verantwortlich f\u00fcr diese Seite ist R.T. Kamstra, der die von Ihnen angegebenen Daten sammelt und nutzt. Sie k\u00f6nnen ihn unter der unten angegebenen Adresse kontaktieren.<\/p>\n\n\n\n<p>(2) Welche Informationen sammeln wir?<br>(a) Ihre Kontaktinformationen, wenn Sie unseren Newsletter abonnieren<br>(b) Ihre Geburtsdaten und Ihre Kontaktinformationen, wenn Sie bei uns ein Human Design Chart anfordern.<\/p>\n\n\n\n<p>(3) Was wir mit Ihren Daten machen<br>Wir verwenden Ihre pers\u00f6nlichen Daten, um Ihnen E-Mail-Benachrichtigungen zu senden, die Sie speziell angefordert haben.<br>Wir k\u00f6nnen Sie \u00fcber neue Entwicklungen in unserer Arbeit und \u00fcber gelegentliche Sonderangebote informieren.<br>Ohne Ihre ausdr\u00fcckliche Zustimmung geben wir Ihre personenbezogenen Daten nicht an Dritte zum Zwecke des Direktmarketings oder f\u00fcr andere Zwecke weiter, es sei denn, dies ist unter (4) angegeben.<\/p>\n\n\n\n<p>(4) Angaben<br>Wir k\u00f6nnen Ihre pers\u00f6nlichen Daten offenlegen:<br>(a) soweit wir gesetzlich dazu verpflichtet sind;<br>(b) im Zusammenhang mit laufenden oder voraussichtlichen Gerichtsverfahren;<br>(c) um unsere gesetzlichen Rechte zu begr\u00fcnden, auszu\u00fcben oder zu verteidigen<\/p>\n\n\n\n<p>(5) Sicherheit Ihrer pers\u00f6nlichen Daten<br>Wir werden angemessene technische und organisatorische Vorkehrungen treffen, um den Verlust, den Missbrauch oder die \u00c4nderung Ihrer pers\u00f6nlichen Daten zu verhindern.<br>Sie erkennen an, dass die \u00dcbertragung von Informationen \u00fcber das Internet von Natur aus unsicher ist und wir die Sicherheit der \u00fcber das Internet gesendeten Daten nicht garantieren k\u00f6nnen. Informationen zwischen Ihnen und dieser Site werden mit SSL verschl\u00fcsselt. Dar\u00fcber hinaus verwendet diese Site die Zwei-Faktor-Authentifizierung f\u00fcr Anmeldungen.<\/p>\n\n\n\n<p>(6) Richtlinien\u00e4nderungen<br>Wir k\u00f6nnen diese Datenschutzrichtlinie von Zeit zu Zeit aktualisieren, indem wir eine neue Version auf unserer Website ver\u00f6ffentlichen. Sie sollten diese Seite gelegentlich \u00fcberpr\u00fcfen, um sicherzustellen, dass Sie mit den \u00c4nderungen zufrieden sind.<\/p>\n\n\n\n<p>(7) Websites Dritter<br>Artikel auf dieser Website k\u00f6nnen eingebetteten Inhalt enthalten (z. B. Videos, Bilder, Artikel usw.). Eingebettete Inhalte von anderen Websites verhalten sich genauso, als h\u00e4tte der Besucher die andere Website besucht. Diese Websites sammeln m\u00f6glicherweise Daten \u00fcber Sie, verwenden Cookies, binden zus\u00e4tzliches Tracking von Drittanbietern ein und \u00fcberwachen Ihre Interaktion mit diesen eingebetteten Inhalten, einschlie\u00dflich der Verfolgung Ihrer Interaktion mit den eingebetteten Inhalten, wenn Sie \u00fcber ein Konto verf\u00fcgen und auf dieser Website angemeldet sind.<\/p>\n\n\n\n<p>8) Google Analytics<br>Wir verwenden Google Analytics, das haupts\u00e4chlich auf Erstanbieter-Cookies basiert, um \u00fcber Ihre Interaktionen mit dieser Website zu berichten. Sie k\u00f6nnen Cookies deaktivieren oder einzelne Cookies l\u00f6schen. Dar\u00fcber hinaus unterst\u00fctzt Google Analytics ein optionales Browser-Add-On, das nach der Installation und Aktivierung die Messung durch Google Analytics f\u00fcr jede Website deaktiviert, die ein Nutzer besucht. Beachten Sie, dass dieses Add-On nur die Google Analytics-Messung deaktiviert. Google Analytics liefert uns aggregierte und anonymisierte Informationen zur Nutzung dieser Website.<\/p>\n\n\n\n<p>(9) Unser Postanbieter ist Mailchimp, deren Datenschutz-Bestimmungen der DSGVO entsprechen. Sie finden es <a rel=\"noreferrer noopener\" href=\"https:\/\/mailchimp.com\/legal\/privacy\/\" target=\"_blank\">hier.<\/a><\/p>\n\n\n\n<p>(10) Ihre Rechte<br>Sie haben das Recht zu erfahren, welche Informationen wir \u00fcber Sie gesammelt haben, diese Informationen zu erhalten und sie nach Ihren W\u00fcnschen zu verwenden. Sie haben auch das Recht, die Informationen zu \u00e4ndern oder l\u00f6schen zu lassen. Um Ihre Rechte auszu\u00fcben, informieren Sie uns bitte unter der unten angegebenen Adresse.<\/p>\n\n\n\n<p>(11) Kontakt<br>Wenn Sie Fragen oder W\u00fcnsche zu dieser Datenschutzrichtlinie oder unserer Behandlung Ihrer pers\u00f6nlichen Daten haben, schreiben Sie uns bitte per E-Mail: info (at) yourhumandesign.ch oder per Post: R. T, Kamstra, Hinterdorfstrasse 40, 8753 Glarus Nord, Schweiz<\/p>\n\n\n\n<h2 class=\"wp-block-heading\">Website-Haftungsausschluss<\/h2>\n\n\n\n<p>(1. Einleitung<br>Dieser Haftungsausschluss regelt Ihre Nutzung unserer Website. Durch die Nutzung unserer Website akzeptieren Sie diesen Haftungsausschluss vollst\u00e4ndig. Wenn Sie mit einem Teil dieses Haftungsausschlusses nicht einverstanden sind, d\u00fcrfen Sie unsere Website nicht nutzen.<\/p>\n\n\n\n<p>(2) Anerkennung der Quelle<br>Dieses Dokument wurde mit einer <a href=\"http:\/\/www.seqlegal.com\/free-legal-documents\/website-disclaimer\" target=\"_blank\" rel=\"noreferrer noopener\">SEQ Legal<\/a>-Vorlage erstellt.<\/p>\n\n\n\n<p>(3) Rechte an geistigem Eigentum<br>Sofern nicht anders angegeben, besitzen wir oder unsere Lizenzgeber die Rechte an geistigem Eigentum an der Website und das Material auf der Website. Vorbehaltlich der nachstehenden Lizenz sind alle diese Rechte an geistigem Eigentum vorbehalten.<\/p>\n\n\n\n<p>(4) Lizenz zur Nutzung der Website<br>Sie d\u00fcrfen Seiten oder Bilder von der Website nur zu Caching-Zwecken anzeigen, herunterladen und f\u00fcr Ihren pers\u00f6nlichen Gebrauch drucken, sofern die folgenden Einschr\u00e4nkungen gelten.<\/p>\n\n\n\n<p>Was Sie nicht d\u00fcrfen:<br>(a) Material von dieser Website erneut ver\u00f6ffentlichen (einschlie\u00dflich der erneuten Ver\u00f6ffentlichung auf einer anderen Website);<br>(b) Material von der Website verkaufen, vermieten oder anderweitig unterlizenzieren;<br>(c) jegliches Material von der Website \u00f6ffentlich zeigen;<br>(d) Material auf unserer Website f\u00fcr kommerzielle Zwecke reproduzieren, vervielf\u00e4ltigen, kopieren oder anderweitig verwerten;<br>(e) Material auf der Website bearbeiten oder anderweitig modifizieren; oder<br>(f) Weitergabe von Material von dieser Website, mit Ausnahme von Inhalten, die speziell und ausdr\u00fccklich zur Weitergabe bereitgestellt werden (wie z. B. unser Newsletter).<\/p>\n\n\n\n<p>(5) Einschr\u00e4nkung und Ausschluss von Gew\u00e4hrleistungen und Haftung<br>Obwohl wir uns bem\u00fchen, sicherzustellen, dass die Informationen auf dieser Website korrekt sind, \u00fcbernehmen wir keine Gew\u00e4hr f\u00fcr deren Vollst\u00e4ndigkeit oder Richtigkeit. Wir verpflichten uns auch nicht, sicherzustellen, dass die Website verf\u00fcgbar bleibt oder dass das Material auf der Website auf dem neuesten Stand gehalten wird.<br>Soweit gesetzlich zul\u00e4ssig, schlie\u00dfen wir alle Zusicherungen, Gew\u00e4hrleistungen und Bedingungen in Bezug auf diese Website und die Nutzung dieser Website aus (einschlie\u00dflich, ohne Einschr\u00e4nkung, aller gesetzlich vorgeschriebenen Gew\u00e4hrleistungen in Bezug auf zufriedenstellende Qualit\u00e4t, Gebrauchstauglichkeit und \/ oder den Einsatz angemessener Sorgfalt und F\u00e4higkeiten).<br>Nichts in diesem Haftungsausschluss wird: (a) unsere oder Ihre Haftung f\u00fcr Tod oder K\u00f6rperverletzung aufgrund von Fahrl\u00e4ssigkeit einschr\u00e4nken oder ausschlie\u00dfen; (b) unsere oder Ihre Haftung f\u00fcr Betrug oder betr\u00fcgerische Falschdarstellung einschr\u00e4nken oder ausschlie\u00dfen; (c) unsere oder Ihre Verbindlichkeiten auf eine Weise einschr\u00e4nken, die nach geltendem Recht nicht zul\u00e4ssig ist; oder (d) eine unserer oder Ihrer Verbindlichkeiten ausschlie\u00dfen, die nach geltendem Recht m\u00f6glicherweise nicht ausgeschlossen sind.<br>Die in diesem Abschnitt und an anderer Stelle in diesem Haftungsausschluss aufgef\u00fchrten Haftungsbeschr\u00e4nkungen und -ausschl\u00fcsse: (a) unterliegen dem vorhergehenden Absatz; und (b) alle Verbindlichkeiten regeln, die sich aus dem Haftungsausschluss oder in Bezug auf den Gegenstand dieses Haftungsausschlusses ergeben, einschlie\u00dflich vertraglicher Verpflichtungen, aus unerlaubter Handlung (einschlie\u00dflich Fahrl\u00e4ssigkeit) und wegen Verletzung gesetzlicher Pflichten.<br>Soweit die Website sowie die Informationen und Dienstleistungen auf der Website kostenlos zur Verf\u00fcgung gestellt werden, haften wir nicht f\u00fcr Verluste oder Sch\u00e4den jeglicher Art.<\/p>\n\n\n\n<p>(6) Variation<br>Wir k\u00f6nnen diesen Haftungsausschluss von Zeit zu Zeit \u00fcberarbeiten. Der \u00fcberarbeitete Haftungsausschluss gilt f\u00fcr die Nutzung unserer Website ab dem Datum der Ver\u00f6ffentlichung des \u00fcberarbeiteten Haftungsausschlusses auf unserer Website.<\/p>\n\n\n\n<p>(7) Gesamte Vereinbarung<br>Vorbehaltlich des Abschnitts [5] Absatz 3 stellt dieser Haftungsausschluss zusammen mit unserer Datenschutzrichtlinie die gesamte Vereinbarung zwischen Ihnen und uns in Bezug auf Ihre Nutzung unserer Website dar und ersetzt alle vorherigen Vereinbarungen in Bezug auf Ihre Nutzung unserer Website.<\/p>\n\n\n\n<p>(8) Recht und Gerichtsbarkeit<br>Dieser Haftungsausschluss unterliegt schweizerischem Recht und wird in \u00dcbereinstimmung mit diesem ausgelegt. Alle Streitigkeiten im Zusammenhang mit diesem Haftungsausschluss unterliegen der nicht ausschlie\u00dflichen Zust\u00e4ndigkeit der schweizerischen Gerichte.<\/p>\n\n\n\n<p><\/p>\n","protected":false},"excerpt":{"rendered":"<p>Datenschutz-Bestimmungen Wir verpflichten uns, die Privatsph\u00e4re unserer Website-Besucher zu sch\u00fctzen. Diese Richtlinien legen fest, wie wir Ihre pers\u00f6nlichen Daten behandeln. (1) Wer wir sindVerantwortlich f\u00fcr diese Seite ist R.T. Kamstra, der die von Ihnen angegebenen Daten sammelt und nutzt. Sie k\u00f6nnen ihn unter der unten angegebenen Adresse kontaktieren. (2) Welche Informationen sammeln wir?(a) Ihre Kontaktinformationen, [&hellip;]<\/p>\n","protected":false},"author":1,"featured_media":0,"parent":0,"menu_order":0,"comment_status":"closed","ping_status":"closed","template":"","meta":{"_genesis_hide_title":false,"_genesis_hide_breadcrumbs":false,"_genesis_hide_singular_image":false,"_genesis_hide_footer_widgets":false,"_genesis_custom_body_class":"","_genesis_custom_post_class":"","_genesis_layout":"","footnotes":""},"class_list":{"0":"post-1179","1":"page","2":"type-page","3":"status-publish","5":"entry"},"aioseo_notices":[],"featured_image_src":null,"featured_image_src_square":null,"_links":{"self":[{"href":"https:\/\/yourhumandesign.ch\/de\/wp-json\/wp\/v2\/pages\/1179","targetHints":{"allow":["GET"]}}],"collection":[{"href":"https:\/\/yourhumandesign.ch\/de\/wp-json\/wp\/v2\/pages"}],"about":[{"href":"https:\/\/yourhumandesign.ch\/de\/wp-json\/wp\/v2\/types\/page"}],"author":[{"embeddable":true,"href":"https:\/\/yourhumandesign.ch\/de\/wp-json\/wp\/v2\/users\/1"}],"replies":[{"embeddable":true,"href":"https:\/\/yourhumandesign.ch\/de\/wp-json\/wp\/v2\/comments?post=1179"}],"version-history":[{"count":2,"href":"https:\/\/yourhumandesign.ch\/de\/wp-json\/wp\/v2\/pages\/1179\/revisions"}],"predecessor-version":[{"id":7141,"href":"https:\/\/yourhumandesign.ch\/de\/wp-json\/wp\/v2\/pages\/1179\/revisions\/7141"}],"wp:attachment":[{"href":"https:\/\/yourhumandesign.ch\/de\/wp-json\/wp\/v2\/media?parent=1179"}],"curies":[{"name":"wp","href":"https:\/\/api.w.org\/{rel}","templated":true}]}}