{"id":1192,"date":"2020-05-19T12:17:17","date_gmt":"2020-05-19T10:17:17","guid":{"rendered":"http:\/\/vcvvyzvzkp8.c.updraftclone.com\/angebote\/"},"modified":"2026-03-30T17:47:39","modified_gmt":"2026-03-30T15:47:39","slug":"meine-arbeit","status":"publish","type":"page","link":"https:\/\/yourhumandesign.ch\/de\/meine-arbeit\/","title":{"rendered":"Meine Arbeit"},"content":{"rendered":"\n<h1 class=\"wp-block-heading\" id=\"individual\">Individuelle Arbeit<\/h1>\n\n\n\n<figure class=\"wp-block-image\"><a href=\"https:\/\/booking.yourhumandesign.ch\/services\/personliche-sitzung\" target=\"_blank\" rel=\" noreferrer noopener\"><img loading=\"lazy\" decoding=\"async\" width=\"1024\" height=\"576\" src=\"https:\/\/yourhumandesign.ch\/wp-content\/uploads\/2020\/05\/Session-giver-Olda-3-e1589645349891-1024x576.jpg\" alt=\"Shantamo gibt eine Session\" class=\"wp-image-792\" srcset=\"https:\/\/yourhumandesign.ch\/wp-content\/uploads\/2020\/05\/Session-giver-Olda-3-e1589645349891-1024x576.jpg 1024w, https:\/\/yourhumandesign.ch\/wp-content\/uploads\/2020\/05\/Session-giver-Olda-3-e1589645349891-300x169.jpg 300w, https:\/\/yourhumandesign.ch\/wp-content\/uploads\/2020\/05\/Session-giver-Olda-3-e1589645349891-768x432.jpg 768w, https:\/\/yourhumandesign.ch\/wp-content\/uploads\/2020\/05\/Session-giver-Olda-3-e1589645349891-600x338.jpg 600w, https:\/\/yourhumandesign.ch\/wp-content\/uploads\/2020\/05\/Session-giver-Olda-3-e1589645349891.jpg 1076w\" sizes=\"auto, (max-width: 1024px) 100vw, 1024px\" \/><\/a><\/figure>\n\n\n\n<hr class=\"wp-block-separator has-alpha-channel-opacity\"\/>\n\n\n\n<h2 class=\"wp-block-heading\">Human Design Sitzung<\/h2>\n\n\n\n<h3 class=\"wp-block-heading\">Dein Chart erwacht zum Leben<\/h3>\n\n\n\n<p>M\u00f6chtest du die St\u00e4rken und Lernpunkte deines eigenen Human Design Chart verstehen und wissen, wie sie sich in deinem Leben manifestieren? Dieses Bewusstsein allein kann dein Leben ver\u00e4ndern. Dar\u00fcber hinaus werden wir neue Ressourcen erschlie\u00dfen, um mit herausfordernden Situationen umzugehen und herauszufinden, wie du deine angeborenen Talente am besten entwickeln kannst. Neben dem Erlernen der klassischen Human Design-Schl\u00fcssel f\u00fcr Typ, Strategie und Autorit\u00e4t untersuchen wir genau, wie unterschiedliche Elemente deines Charts dein Leben gestalten, so dass du diese Energien zu deinem Vorteil nutzen kannst. Dies ist deine Wahl, wenn:<\/p>\n\n\n\n<ul class=\"wp-block-list\">\n<li>Du auf der Basis eines soliden Verst\u00e4ndnisses deines Charts mehr Klarheit und Vertrauen in deinem Alltag erleben m\u00f6chtest.<\/li>\n\n\n\n<li>Du vor einer wichtigen Entscheidung stehst und alle bewussten und unbewussten Auswirkungen, die sie haben wird, einbeziehen m\u00f6chtest.<\/li>\n<\/ul>\n\n\n\n<p>Diese Sitzung dauert 70 Minuten, der Preis ist $195 (ca. \u20ac180), inklusive eine Audio- und Videoaufnahme.<\/p>\n\n\n\n<div class=\"wp-block-buttons has-custom-font-size fade-in-up has-normal-font-size is-horizontal is-content-justification-left is-layout-flex wp-container-core-buttons-is-layout-3c257f7b wp-block-buttons-is-layout-flex\">\n<div class=\"wp-block-button fade-in-up gb-block-button is-style-fill\"><a class=\"wp-block-button__link has-text-color has-background has-custom-font-size wp-element-button\" href=\"https:\/\/booking.yourhumandesign.ch\/services\/personliche-sitzung\" style=\"border-radius:5px;color:#ffffff;background-color:#309bb0;padding-top:10px;padding-right:1em;padding-bottom:10px;padding-left:1em;font-size:20px;line-height:1.2\">Buchen<\/a><\/div>\n<\/div>\n\n\n\n<hr class=\"wp-block-separator has-alpha-channel-opacity is-style-dots\"\/>\n\n\n\n<h2 class=\"wp-block-heading\">Gene Keys Profil-Lesung<\/h2>\n\n\n\n<h3 class=\"wp-block-heading\">Eine umfassende Einf\u00fchrung in dein Gene Keys Profil<\/h3>\n\n\n\n<p>M\u00f6chtest du dein Gene Keys Profil von einem erfahrenen Guide und Ambassador lesen lassen? Dies kann dir wertvolle Einblicke geben, wie du die in deinem Profil enthaltenen Geheimnisse entschl\u00fcsseln und in deinem eigenen Leben anwenden kannst. \u201eLerne dein Profil kennen\u201d ist eine personalisierte Live-Online-Lesung deines Gene Keys Profils. Diese Sitzung dauert 60 Minuten und kostet 175 $. Deine Fragen und \u00dcberlegungen k\u00f6nnen auf Wunsch Teil der Sitzung sein.<\/p>\n\n\n\n<div class=\"wp-block-buttons has-custom-font-size has-normal-font-size is-horizontal is-content-justification-left is-layout-flex wp-container-core-buttons-is-layout-3c257f7b wp-block-buttons-is-layout-flex\">\n<div class=\"wp-block-button has-custom-width wp-block-button__width-25 fade-in-up gb-block-button is-style-fill\"><a class=\"wp-block-button__link has-text-color has-background has-custom-font-size wp-element-button\" href=\"https:\/\/booking.yourhumandesign.ch\/services\/kenne-dein-gene-keys-profil\" style=\"border-radius:5px;color:#ffffff;background-color:#309bb0;padding-top:10px;padding-right:1em;padding-bottom:10px;padding-left:1em;font-size:20px;line-height:1.2\" target=\"_blank\" rel=\"noreferrer noopener\">Buchen<\/a><\/div>\n<\/div>\n\n\n\n<hr class=\"wp-block-separator has-alpha-channel-opacity is-style-dots\"\/>\n\n\n\n<h2 class=\"wp-block-heading\">Gene Keys Human Design Integrations-Sitzung<\/h2>\n\n\n\n<h3 class=\"wp-block-heading\">Das Beste aus beiden Welten vereinen<\/h3>\n\n\n\n<p>Mehrere Jahre lange habe ich habe mit einem Kreis von Freunden und Kollegen zusammengearbeitet, um die gemeinsamen Wurzeln von HD und GK zu erforschen und Wege zu finden, unsere Entdeckungen praktisch anzuwenden. Dies ist das Ergebnis dieser Arbeit.<\/p>\n\n\n\n<figure class=\"wp-block-image size-large\"><a href=\"https:\/\/booking.yourhumandesign.ch\/services\/gkhd-integrations-sitzung\" target=\"_blank\" rel=\" noreferrer noopener\"><img loading=\"lazy\" decoding=\"async\" width=\"1024\" height=\"410\" src=\"https:\/\/yourhumandesign.ch\/wp-content\/uploads\/2022\/06\/Two-Streams-merge-1024x410.jpg\" alt=\"Zwei Fl\u00fcsse verschmilzen\" class=\"wp-image-4035\" srcset=\"https:\/\/yourhumandesign.ch\/wp-content\/uploads\/2022\/06\/Two-Streams-merge-1024x410.jpg 1024w, https:\/\/yourhumandesign.ch\/wp-content\/uploads\/2022\/06\/Two-Streams-merge-300x120.jpg 300w, https:\/\/yourhumandesign.ch\/wp-content\/uploads\/2022\/06\/Two-Streams-merge-768x307.jpg 768w, https:\/\/yourhumandesign.ch\/wp-content\/uploads\/2022\/06\/Two-Streams-merge-1536x614.jpg 1536w, https:\/\/yourhumandesign.ch\/wp-content\/uploads\/2022\/06\/Two-Streams-merge-2048x819.jpg 2048w\" sizes=\"auto, (max-width: 1024px) 100vw, 1024px\" \/><\/a><\/figure>\n\n\n\n<p>Zwei Weisheitssysteme kombiniert in einer Sitzung, die dir das Beste von beiden bietet! Du wirst entdecken, wie sich die Systeme gegenseitig erg\u00e4nzen und bereichern und mehr \u00fcber deine angeborenen M\u00f6glichkeiten und Herausforderungen erfahren, als du dich je h\u00e4ttest vorstellen k\u00f6nnen.<\/p>\n\n\n\n<p>Diese beiden eng miteinander verbundenen Perspektiven geben dir mehr Einblicke als jeder einzelne Ansatz es k\u00f6nnte. Mit der Betonung der Verk\u00f6rperung durch die Gene Keys wird der Weg zur Umwandlung von Erkenntnissen in tats\u00e4chliche Ver\u00e4nderungen klarer und leichter zu beschreiten.<\/p>\n\n\n\n<p>Dies bedeutet, dass eine schnellere Transformation m\u00f6glich ist. Du kannst gerne Situationen aus deinem Leben, in denen du mehr Klarheit \u00fcber die n\u00e4chsten Schritte haben m\u00f6chtest, in die Session bringen.<\/p>\n\n\n\n<p>Du erh\u00e4ltst dein Human Design Chart und dein Gene Keys Profil, und ich zeige dir, wie sie zusammenh\u00e4ngen und wo sie interagieren. Eine Aufnahme ist inbegriffen. Es handelt sich um eine 70-min\u00fctige Sitzung, der Preis betr\u00e4gt $225 (ca. \u20ac200)<\/p>\n\n\n\n<div class=\"wp-block-buttons has-custom-font-size has-normal-font-size is-horizontal is-content-justification-left is-layout-flex wp-container-core-buttons-is-layout-3c257f7b wp-block-buttons-is-layout-flex\">\n<div class=\"wp-block-button has-custom-width wp-block-button__width-25 fade-in-up gb-block-button is-style-fill\"><a class=\"wp-block-button__link has-text-color has-background has-custom-font-size wp-element-button\" href=\"https:\/\/booking.yourhumandesign.ch\/services\/gkhd-integrations-sitzung\" style=\"border-radius:5px;color:#ffffff;background-color:#309bb0;padding-top:10px;padding-right:1em;padding-bottom:10px;padding-left:1em;font-size:20px;line-height:1.2\" target=\"_blank\" rel=\"noreferrer noopener\">Buchen<\/a><\/div>\n<\/div>\n\n\n\n<hr class=\"wp-block-separator has-alpha-channel-opacity is-style-dots\"\/>\n\n\n\n<h1 class=\"wp-block-heading\" id=\"relationship\">Beziehungen<\/h1>\n\n\n\n<figure class=\"wp-block-image\"><a href=\"https:\/\/booking.yourhumandesign.ch\/services\/beziehung-als-spiegel\" target=\"_blank\" rel=\" noreferrer noopener\"><img loading=\"lazy\" decoding=\"async\" width=\"1024\" height=\"578\" src=\"https:\/\/yourhumandesign.ch\/wp-content\/uploads\/2020\/05\/Session-gives-Saburi-YHD-new-1024x578.jpg\" alt=\"Shantamo gibt eine Beziehungssitzung\" class=\"wp-image-796\" srcset=\"https:\/\/yourhumandesign.ch\/wp-content\/uploads\/2020\/05\/Session-gives-Saburi-YHD-new-1024x578.jpg 1024w, https:\/\/yourhumandesign.ch\/wp-content\/uploads\/2020\/05\/Session-gives-Saburi-YHD-new-300x169.jpg 300w, https:\/\/yourhumandesign.ch\/wp-content\/uploads\/2020\/05\/Session-gives-Saburi-YHD-new-768x434.jpg 768w, https:\/\/yourhumandesign.ch\/wp-content\/uploads\/2020\/05\/Session-gives-Saburi-YHD-new-1536x867.jpg 1536w, https:\/\/yourhumandesign.ch\/wp-content\/uploads\/2020\/05\/Session-gives-Saburi-YHD-new-2048x1156.jpg 2048w, https:\/\/yourhumandesign.ch\/wp-content\/uploads\/2020\/05\/Session-gives-Saburi-YHD-new-600x338.jpg 600w\" sizes=\"auto, (max-width: 1024px) 100vw, 1024px\" \/><\/a><\/figure>\n\n\n\n<h2 class=\"wp-block-heading\">In den Spiegel schauen<\/h2>\n\n\n\n<p>Ein Lebensbereich, in dem wir vielleicht am meisten lernen k\u00f6nnen, sind unsere engen Beziehungen, sei es pers\u00f6nlich oder bei der Arbeit. Nicht nur bietet ein Human Design Komposit-Chart Reading einen haarscharfen Blick in die St\u00e4rken und Schwachstellen jedes Partners, es zeigt auch wo beide im Einklang sind, wie sie sich gegenseitig bereichern und wie sie voneinander lernen k\u00f6nnen. Ma\u00dfgeschneiderte Strategien f\u00fcr eine effektive Kommunikation f\u00fcr Konfliktmanagement runden diese Sitzung ab. Sie kann von einem oder beiden Partnern gebucht werden. Die Bereitschaft zur Selbstreflektion bei mindestens einem der Partner ist essenziell f\u00fcr diese Sitzung. Ver\u00e4nderung beginnt bei uns selbst.<\/p>\n\n\n\n<p>Die Dauer dieser Sitzung betr\u00e4gt 90 Minuten. Sie umfasst das Chart jedes Partners und das Komposit-Chart, sowie eine Audio- und Videoaufnahme. Der Preis betr\u00e4gt $270 (ca. \u20ac250).<\/p>\n\n\n\n<div class=\"wp-block-buttons has-custom-font-size has-normal-font-size is-horizontal is-content-justification-left is-layout-flex wp-container-core-buttons-is-layout-3c257f7b wp-block-buttons-is-layout-flex\">\n<div class=\"wp-block-button has-custom-width wp-block-button__width-25 fade-in-up gb-block-button is-style-fill\"><a class=\"wp-block-button__link has-text-color has-background has-custom-font-size wp-element-button\" href=\"https:\/\/booking.yourhumandesign.ch\/services\/beziehung-als-spiegel\" style=\"border-radius:5px;color:#ffffff;background-color:#309bb0;padding-top:10px;padding-right:1em;padding-bottom:10px;padding-left:1em;font-size:20px;line-height:1.2\" target=\"_blank\" rel=\"noreferrer noopener\">Buchen<\/a><\/div>\n<\/div>\n\n\n\n<hr class=\"wp-block-separator has-alpha-channel-opacity is-style-dots\"\/>\n\n\n\n<h1 class=\"wp-block-heading\" id=\"training\">Das Training<\/h1>\n\n\n\n<figure class=\"wp-block-image\"><img loading=\"lazy\" decoding=\"async\" width=\"1024\" height=\"578\" src=\"https:\/\/yourhumandesign.ch\/wp-content\/uploads\/2020\/05\/Course-in-China-2-e1589646547245-1024x578.jpg\" alt=\"Shantamo unterrichtet eine Gruppe von Menschen\" class=\"wp-image-794\" srcset=\"https:\/\/yourhumandesign.ch\/wp-content\/uploads\/2020\/05\/Course-in-China-2-e1589646547245-1024x578.jpg 1024w, https:\/\/yourhumandesign.ch\/wp-content\/uploads\/2020\/05\/Course-in-China-2-e1589646547245-300x169.jpg 300w, https:\/\/yourhumandesign.ch\/wp-content\/uploads\/2020\/05\/Course-in-China-2-e1589646547245-768x434.jpg 768w, https:\/\/yourhumandesign.ch\/wp-content\/uploads\/2020\/05\/Course-in-China-2-e1589646547245-600x338.jpg 600w, https:\/\/yourhumandesign.ch\/wp-content\/uploads\/2020\/05\/Course-in-China-2-e1589646547245.jpg 1071w\" sizes=\"auto, (max-width: 1024px) 100vw, 1024px\" \/><\/figure>\n\n\n\n<h3 class=\"wp-block-heading\">Verstehe und erlebe Human Design und Gene Keys f\u00fcr dich selbst und andere. Lerne, wie du Sitzungen geben kannst.<\/h3>\n\n\n\n<p>Das Training besteht aus drei Modulen. Im ersten lernst du, dein eigenes und die Charts anderer zu lesen. Danach hast du Zeit, dein Wissen zu integrieren und das Chart Lesen mit Freunden und Bekannten zu \u00fcben. Das zweite Modul stellt die Gene Keys vor und vertieft deine F\u00e4higkeiten als Session-Giver. Im dritten Modul bringen wir dir bei, wie du die beiden Weisheitssysteme integrieren und eine professionelle Lesung geben kannst.<\/p>\n\n\n\n<p>Neben dem Erwerb von Wissen \u00fcber Human Design und Gene Keys lernst du, wie du auf deine intuitiven Wahrnehmungen zugreifen und sie mit der rationalen Seite des Systems integrieren kannst.<\/p>\n\n\n\n<p>Das dritte Modul ist weitgehend erfahrungsorientiert. Wir werden das Feld der Interaktion zwischen dir und dem Kunden erkunden und lernen, wie man eine positive und f\u00f6rdernde Atmosph\u00e4re f\u00fcr die Sitzung schafft. Wir \u00fcben, wie die Aufrechterhaltung eines stabilen inneren Zustands zu einer neutralen, einladenden Pr\u00e4senz in unserer Arbeit f\u00fchrt. Dies gew\u00e4hrleistet die bestm\u00f6gliche Vermittlung deines Fachwissens und deiner Erkenntnisse.<\/p>\n\n\n\n<p><a href=\"https:\/\/yourhumandesign.ch\/de\/kontakt\/\">Kontaktiere mich<\/a><\/p>\n","protected":false},"excerpt":{"rendered":"<p>Individuelle Arbeit Human Design Sitzung Dein Chart erwacht zum Leben M\u00f6chtest du die St\u00e4rken und Lernpunkte deines eigenen Human Design Chart verstehen und wissen, wie sie sich in deinem Leben manifestieren? Dieses Bewusstsein allein kann dein Leben ver\u00e4ndern. Dar\u00fcber hinaus werden wir neue Ressourcen erschlie\u00dfen, um mit herausfordernden Situationen umzugehen und herauszufinden, wie du deine [&hellip;]<\/p>\n","protected":false},"author":2,"featured_media":0,"parent":0,"menu_order":0,"comment_status":"closed","ping_status":"closed","template":"","meta":{"_genesis_hide_title":false,"_genesis_hide_breadcrumbs":false,"_genesis_hide_singular_image":false,"_genesis_hide_footer_widgets":false,"_genesis_custom_body_class":"","_genesis_custom_post_class":"","_genesis_layout":"","footnotes":""},"class_list":{"0":"post-1192","1":"page","2":"type-page","3":"status-publish","5":"entry"},"aioseo_notices":[],"featured_image_src":null,"featured_image_src_square":null,"_links":{"self":[{"href":"https:\/\/yourhumandesign.ch\/de\/wp-json\/wp\/v2\/pages\/1192","targetHints":{"allow":["GET"]}}],"collection":[{"href":"https:\/\/yourhumandesign.ch\/de\/wp-json\/wp\/v2\/pages"}],"about":[{"href":"https:\/\/yourhumandesign.ch\/de\/wp-json\/wp\/v2\/types\/page"}],"author":[{"embeddable":true,"href":"https:\/\/yourhumandesign.ch\/de\/wp-json\/wp\/v2\/users\/2"}],"replies":[{"embeddable":true,"href":"https:\/\/yourhumandesign.ch\/de\/wp-json\/wp\/v2\/comments?post=1192"}],"version-history":[{"count":30,"href":"https:\/\/yourhumandesign.ch\/de\/wp-json\/wp\/v2\/pages\/1192\/revisions"}],"predecessor-version":[{"id":7705,"href":"https:\/\/yourhumandesign.ch\/de\/wp-json\/wp\/v2\/pages\/1192\/revisions\/7705"}],"wp:attachment":[{"href":"https:\/\/yourhumandesign.ch\/de\/wp-json\/wp\/v2\/media?parent=1192"}],"curies":[{"name":"wp","href":"https:\/\/api.w.org\/{rel}","templated":true}]}}