{"id":1197,"date":"2020-05-11T00:33:23","date_gmt":"2020-05-10T22:33:23","guid":{"rendered":"http:\/\/vcvvyzvzkp8.c.updraftclone.com\/?page_id=1197"},"modified":"2025-06-04T01:39:29","modified_gmt":"2025-06-03T23:39:29","slug":"gene-keys","status":"publish","type":"page","link":"https:\/\/yourhumandesign.ch\/de\/gene-keys\/","title":{"rendered":"Gene Keys"},"content":{"rendered":"\n<figure class=\"wp-block-image size-large fade-in-up\"><img loading=\"lazy\" decoding=\"async\" width=\"1024\" height=\"576\" src=\"https:\/\/yourhumandesign.ch\/wp-content\/uploads\/2020\/05\/dragonfly-golden-path-1024x576.jpg\" alt=\"Libelle\" class=\"wp-image-776\" srcset=\"https:\/\/yourhumandesign.ch\/wp-content\/uploads\/2020\/05\/dragonfly-golden-path-1024x576.jpg 1024w, https:\/\/yourhumandesign.ch\/wp-content\/uploads\/2020\/05\/dragonfly-golden-path-300x169.jpg 300w, https:\/\/yourhumandesign.ch\/wp-content\/uploads\/2020\/05\/dragonfly-golden-path-768x432.jpg 768w, https:\/\/yourhumandesign.ch\/wp-content\/uploads\/2020\/05\/dragonfly-golden-path-1536x864.jpg 1536w, https:\/\/yourhumandesign.ch\/wp-content\/uploads\/2020\/05\/dragonfly-golden-path-600x338.jpg 600w, https:\/\/yourhumandesign.ch\/wp-content\/uploads\/2020\/05\/dragonfly-golden-path.jpg 1920w\" sizes=\"auto, (max-width: 1024px) 100vw, 1024px\" \/><figcaption class=\"wp-element-caption\">Libelle, Symbol der Transformation <em>(Bild: OneDoorLand)<\/em><\/figcaption><\/figure>\n\n\n\n<p class=\"fade-in-up\">Die Gene Keys (Genschl\u00fcssel) sind eine Weiterentwicklung auf der Grundlage von Human Design. Diese \u00dcbertragung kam durch Richard Rudd, Philosoph, Schriftsteller und Dichter, auf die Welt. Als er Direktor von Human Design UK war, hat er angefangen neue Erkenntnisse zu erhalten.<\/p>\n\n\n\n<p class=\"fade-in-up\">Die Genschl\u00fcssel betonen das transformative Potenzial, das in unseren Genen schlummert. Indem wir das Licht des Bewusstseins auf die Themen in unserem Leben richten, die von den jeweiligen Genschl\u00fcssel\/Hexagramme beschrieben werden, erwecken wir h\u00f6heren Qualit\u00e4ten in diesen Lebensbereichen, wir entwickeln unser angeborenes Genie. Richard Rudd benutzt drei Grundzust\u00e4nde: der Schatten, die Gabe und die Siddhi.<\/p>\n\n\n\n<figure class=\"wp-block-image size-large fade-in-up\"><img loading=\"lazy\" decoding=\"async\" width=\"1024\" height=\"768\" src=\"https:\/\/yourhumandesign.ch\/wp-content\/uploads\/2020\/05\/Siddhi-Gift-Shadow.jpeg\" alt=\"Schatten, Gabe und Siddhi\" class=\"wp-image-768\" srcset=\"https:\/\/yourhumandesign.ch\/wp-content\/uploads\/2020\/05\/Siddhi-Gift-Shadow.jpeg 1024w, https:\/\/yourhumandesign.ch\/wp-content\/uploads\/2020\/05\/Siddhi-Gift-Shadow-300x225.jpeg 300w, https:\/\/yourhumandesign.ch\/wp-content\/uploads\/2020\/05\/Siddhi-Gift-Shadow-768x576.jpeg 768w\" sizes=\"auto, (max-width: 1024px) 100vw, 1024px\" \/><figcaption class=\"wp-element-caption\">Verk\u00f6rpere die Siddhi  &#8211;   Befreie die Gabe  &#8211;  Nehme den Schatten an <\/figcaption><\/figure>\n\n\n\n<p class=\"fade-in-up\">Genau wie beim Human Design verwenden die Genschl\u00fcssel die Pr\u00e4gung der kosmischen Energien in unserer DNA zum Zeitpunkt unserer Geburt (und 88 Tage zuvor) als Grundlage. Sie ergeben unser Gene Keys-Profil, das Du <a href=\"https:\/\/genekeys.com\/free-profile\/?language=de\" target=\"_blank\" rel=\"noreferrer noopener\">hier <\/a>kostenlos erhalten kannst. Es ist Deine pers\u00f6nliche Landkarte f\u00fcr eine innere Reise: um Dein verborgenes Genie zu entdecken, Deine F\u00e4higkeit mit offenem Herzen zu leben zu steigern, und Deinen eigenen Weg zu finden, um Wohlstand in der Welt auszul\u00f6sen.<\/p>\n\n\n\n<figure class=\"wp-block-image size-large fade-in-up\"><img loading=\"lazy\" decoding=\"async\" width=\"1024\" height=\"1024\" src=\"https:\/\/yourhumandesign.ch\/wp-content\/uploads\/2020\/05\/Annotated-Diagram2-1024x1024.jpg\" alt=\"Ein Gene Keys Profil\" class=\"wp-image-786\" srcset=\"https:\/\/yourhumandesign.ch\/wp-content\/uploads\/2020\/05\/Annotated-Diagram2-1024x1024.jpg 1024w, https:\/\/yourhumandesign.ch\/wp-content\/uploads\/2020\/05\/Annotated-Diagram2-300x300.jpg 300w, https:\/\/yourhumandesign.ch\/wp-content\/uploads\/2020\/05\/Annotated-Diagram2-150x150.jpg 150w, https:\/\/yourhumandesign.ch\/wp-content\/uploads\/2020\/05\/Annotated-Diagram2-768x768.jpg 768w, https:\/\/yourhumandesign.ch\/wp-content\/uploads\/2020\/05\/Annotated-Diagram2-100x100.jpg 100w, https:\/\/yourhumandesign.ch\/wp-content\/uploads\/2020\/05\/Annotated-Diagram2-1536x1536.jpg 1536w, https:\/\/yourhumandesign.ch\/wp-content\/uploads\/2020\/05\/Annotated-Diagram2-2048x2048.jpg 2048w, https:\/\/yourhumandesign.ch\/wp-content\/uploads\/2020\/05\/Annotated-Diagram2-80x80.jpg 80w, https:\/\/yourhumandesign.ch\/wp-content\/uploads\/2020\/05\/Annotated-Diagram2-600x600.jpg 600w, https:\/\/yourhumandesign.ch\/wp-content\/uploads\/2020\/05\/Annotated-Diagram2-75x75.jpg 75w\" sizes=\"auto, (max-width: 1024px) 100vw, 1024px\" \/><figcaption class=\"wp-element-caption\">Beispiel eines Gene Keys Profils<\/figcaption><\/figure>\n\n\n\n<p class=\"fade-in-up\">In erster Linie sind die Genschl\u00fcssel eine Art des Selbststudiums, wobei wir Kontemplation als Hauptmethode verwenden. Am Anfang kann die Menge der Informationen und neue Perspektiven \u00fcberw\u00e4ltigend sein.  Jemanden an Deiner Seite zu haben, oder auch mit anderen Gene Keys-Studierenden zu teilen, kann eine gro\u00dfe Unterst\u00fctzung auf dem Weg sein.<\/p>\n\n\n\n<figure class=\"wp-block-image size-large fade-in-up\"><a href=\"https:\/\/genekeys.com\/g\/shantamo-kamstra\/\" target=\"_blank\" rel=\"noopener noreferrer\"><img loading=\"lazy\" decoding=\"async\" width=\"864\" height=\"288\" src=\"https:\/\/yourhumandesign.ch\/wp-content\/uploads\/2020\/05\/Ambassador-Shantamo.jpg\" alt=\"Shantamo Gene Keys Ambassador Logo\" class=\"wp-image-718\" srcset=\"https:\/\/yourhumandesign.ch\/wp-content\/uploads\/2020\/05\/Ambassador-Shantamo.jpg 864w, https:\/\/yourhumandesign.ch\/wp-content\/uploads\/2020\/05\/Ambassador-Shantamo-300x100.jpg 300w, https:\/\/yourhumandesign.ch\/wp-content\/uploads\/2020\/05\/Ambassador-Shantamo-768x256.jpg 768w\" sizes=\"auto, (max-width: 864px) 100vw, 864px\" \/><\/a><\/figure>\n\n\n\n<p class=\"fade-in-up\">Als <strong><a href=\"https:\/\/genekeys.com\/g\/shantamo-kamstra\/\" target=\"_blank\" rel=\"noopener\" title=\"\">Gene Keys-Botschafter<\/a><\/strong> bin ich qualifiziert, Dich auf Deiner Reise zu begleiten und ein Umfeld des Austausches und der Gegenseitige Unterst\u00fctzung bereit zu stellen.<\/p>\n\n\n\n<p class=\"fade-in-up\">Ich schlage diese Schritte vor:<\/p>\n\n\n\n<ul class=\"wp-block-list fade-in-up\">\n<li>Besuche die Gene Keys-Website und <a rel=\"noreferrer noopener\" href=\"https:\/\/genekeys.com\/free-profile\/?language=de\" target=\"_blank\">erhalte Dein kostenloses pers\u00f6nliches Profil<\/a>. Erkunde die vielen Gratis-Ressourcen.<\/li>\n\n\n\n<li>Kaufe das Buch &#8222;<a rel=\"noreferrer noopener\" href=\"https:\/\/www.jim-humble-verlag.com\/die-64-genschluessel-389?number=1400397\" target=\"_blank\">Die 64 Genschl\u00fcssel: Das \u00d6ffnen der verborgenen h\u00f6heren Bestimmung in unserer DNA<\/a>&#8222;. Jetzt bist Du auf die Reise.<\/li>\n\n\n\n<li>Wenn Du tiefer gehen magst, empfehle ich <strong>dem Goldenen Pfad<\/strong> oder einem der anderen Online-Kurse zu folgen. Die Kurse sind im Moment noch auf Englisch. Das Begleitbuch des Goldenen Pfades ist in einer Deutschen \u00dcbersetzung <a rel=\"noreferrer noopener\" href=\"https:\/\/www.jim-humble-verlag.com\/der-goldene-pfad-563\" target=\"_blank\">verf\u00fcgbar<\/a>.<\/li>\n\n\n\n<li>Auch kannst Du<strong> <a href=\"https:\/\/booking.yourhumandesign.ch\/services\/kenne-dein-gene-keys-profil\" target=\"_blank\" rel=\"noopener\" title=\"\">mich w\u00e4hlen<\/a><\/strong> um Dich auf dieser faszinierenden Reise zu begleiten.<\/li>\n<\/ul>\n\n\n\n<h2 class=\"wp-block-heading fade-in-up\">Mein beliebtestes Gene Keys Angebot<\/h2>\n\n\n\n<p class=\"fade-in-up\"><em>&#8218;Lerne Dein Profil kennen&#8216;<\/em> &#8211; Eine Einf\u00fchrung in Dein Gene Keys-Profil. Eine 60-min\u00fctige Online-Sitzung f\u00fcr U$175(ca. \u20ac155).<\/p>\n\n\n\n<div class=\"wp-block-buttons is-layout-flex wp-block-buttons-is-layout-flex\">\n<div class=\"wp-block-button fade-in-up gb-block-button\"><a class=\"wp-block-button__link has-text-color has-background has-custom-font-size wp-element-button\" href=\"https:\/\/booking.yourhumandesign.ch\/services\/kenne-dein-gene-keys-profil\" style=\"border-radius:5px;color:#ffffff;background-color:#3373dc;padding-top:10px;padding-right:1em;padding-bottom:10px;padding-left:1em;font-size:20px;line-height:1.2\" target=\"_blank\" rel=\"noreferrer noopener\">Buche hier<\/a><\/div>\n<\/div>\n\n\n\n<hr class=\"wp-block-separator has-css-opacity fade-in-up\"\/>\n\n\n\n<h2 class=\"wp-block-heading fade-in-up\">Gene Keys Shop<\/h2>\n\n\n\n<figure class=\"wp-block-image size-large fade-in-up\"><a href=\"\/\/genekeys.com\/shop\/ref\/330\/&quot; title=&quot;Gene Keys Shop&quot;&gt;<\/a&gt;\" target=\"_blank\" rel=\"noopener noreferrer\"><img loading=\"lazy\" decoding=\"async\" width=\"1016\" height=\"757\" src=\"https:\/\/yourhumandesign.ch\/wp-content\/uploads\/2020\/05\/GKP-Official-Logo-white.jpg\" alt=\"Gene Keys Logo\" class=\"wp-image-788\" srcset=\"https:\/\/yourhumandesign.ch\/wp-content\/uploads\/2020\/05\/GKP-Official-Logo-white.jpg 1016w, https:\/\/yourhumandesign.ch\/wp-content\/uploads\/2020\/05\/GKP-Official-Logo-white-300x224.jpg 300w, https:\/\/yourhumandesign.ch\/wp-content\/uploads\/2020\/05\/GKP-Official-Logo-white-768x572.jpg 768w\" sizes=\"auto, (max-width: 1016px) 100vw, 1016px\" \/><\/a><figcaption class=\"wp-element-caption\">&#8218;Klicke oder tippe auf dieses Bild, um den Shop zu besuchen. Wenn Du so Kurse bucht, erhalte ich eine Provision. Der Preis f\u00fcr Dich bleibt gleich. Vielen Dank.<\/figcaption><\/figure>\n\n\n\n<hr class=\"wp-block-separator has-css-opacity fade-in-up\"\/>\n\n\n\n<p class=\"fade-in-up\">M\u00f6chtest Du einen Teil der Reise in einer gr\u00f6\u00dferen Gruppe machen? Wir bieten eine Reihe von Online-Retreats (auf Englisch) an. Schau <a href=\"https:\/\/yourhumandesign.ch\/gene-keys\/#courses\">hier<\/a>, wann die n\u00e4chsten anfangen.<\/p>\n\n\n\n<p class=\"fade-in-up\">Es gibt auch Deutschsprachige Gene Keys Angebote:<\/p>\n\n\n\n<ul class=\"wp-block-list fade-in-up\">\n<li>Zweimal im Monat findet ein online Treffen auf Zoom statt. Jeden zweiten Montag um 18 Uhr, und jeden letzten Sonntag um 11 Uhr morgens. Die <a rel=\"noreferrer noopener\" href=\"https:\/\/zoom.us\/j\/501225121?pwd=S1lEYVVFUXU1ejl1Uy9xSVkvQVUydz09\" target=\"_blank\">Zugangsdaten <\/a>sind die gleichen.<\/li>\n\n\n\n<li><a rel=\"noreferrer noopener\" href=\"https:\/\/www.facebook.com\/GeneKeysGermany\/\" target=\"_blank\">Hier <\/a>findest Du die Deutsche Facebook Gruppe<\/li>\n<\/ul>\n\n\n\n<hr class=\"wp-block-separator has-css-opacity\"\/>\n\n\n\n<h2 class=\"wp-block-heading fade-in-up\" id=\"Venus\">Aktualisierter Venus Sequenz Online Kurs jetzt verf\u00fcgbar<\/h2>\n\n\n\n<figure class=\"wp-block-image size-large fade-in-up\"><a href=\"https:\/\/genekeys.com\/venus-sequence\/ref\/330\/\"><img decoding=\"async\" src=\"https:\/\/yourhumandesign.ch\/wp-content\/uploads\/2021\/08\/Venus-Sequence-banner-1024x576.jpg\" alt=\"Venus-Sequence banner\" class=\"wp-image-3248\"\/><\/a><\/figure>\n\n\n\n<p class=\"fade-in-up\">Die Venus-Sequenz ist eine tiefgehende Entdeckungsreise in unsere Gef\u00fchlswelt und wie sie sich in unseren Beziehungen manifestiert. Richard Rudd sagt \u00fcber sie:<\/p>\n\n\n\n<p class=\"fade-in-up\">&#8218;<em>Es gibt nichts der Venus-Sequenz Vergleichbares. Sie ist eine Reise in die Liebe, die uns die Gr\u00fcnde zeigt, warum wir die Liebe f\u00fcrchten. Wenn wir diese \u00c4ngste, eine nach der anderen, loslassen, erwacht eine gro\u00dfe Liebe in uns. Das ist wirklich der Stoff, aus dem die Tr\u00e4ume sind.<\/em>&#8218;<\/p>\n\n\n\n<p class=\"fade-in-up\">Unten siehst Du die neue, leichter zu navigierende Ansicht. Au\u00dferdem gibt es <strong>5 neue musikalische Pathway-Meditationen und zus\u00e4tzliches Videomaterial<\/strong>. Der Kurs ist auf Englisch.<\/p>\n\n\n\n<figure class=\"wp-block-image size-large fade-in-up\"><a href=\"https:\/\/genekeys.com\/venus-sequence\/ref\/330\/\"><img decoding=\"async\" src=\"https:\/\/yourhumandesign.ch\/wp-content\/uploads\/2021\/08\/LearnDash-Explain-Venus.001-1024x1024.jpeg\" alt=\"Der neue Look des Kurses\" class=\"wp-image-3251\"\/><\/a><\/figure>\n\n\n\n<p class=\"fade-in-up\">Wenn sich dieser Kurs in Deinem Gene Keys-Konto befindet, wurde er automatisch hochgestuft.<\/p>\n\n\n\n<p class=\"fade-in-up\">Wenn es Dich anzieht, Dich auf diese Reise in die \u00d6ffnung deines Herzens zu begeben, <a href=\"https:\/\/genekeys.com\/venus-sequence\/ref\/330\/\" data-type=\"URL\">erfahre mehr und melde dich hier an.<\/a><\/p>\n\n\n\n<div class=\"wp-block-buttons is-layout-flex wp-block-buttons-is-layout-flex\">\n<div class=\"wp-block-button fade-in-up gb-block-button\"><a class=\"wp-block-button__link has-text-color has-background has-custom-font-size wp-element-button\" href=\"https:\/\/genekeys.com\/venus-sequence\/ref\/330\/\" style=\"border-radius:5px;color:#ffffff;background-color:#3373dc;padding-top:10px;padding-right:1em;padding-bottom:10px;padding-left:1em;font-size:20px;line-height:1.2\">Anmeldung f\u00fcr die Venus Sequenz<\/a><\/div>\n<\/div>\n\n\n\n<hr class=\"wp-block-separator has-css-opacity\"\/>\n\n\n\n<div class=\"wp-block-cover aligncenter is-light fade-in-up\"><img loading=\"lazy\" decoding=\"async\" width=\"1024\" height=\"655\" class=\"wp-block-cover__image-background wp-image-2572\" alt=\"\" src=\"https:\/\/yourhumandesign.ch\/wp-content\/uploads\/2021\/02\/DNA-mirror-1024x655.jpg\" style=\"object-position:50% 50%\" data-object-fit=\"cover\" data-object-position=\"50% 50%\" srcset=\"https:\/\/yourhumandesign.ch\/wp-content\/uploads\/2021\/02\/DNA-mirror-1024x655.jpg 1024w, https:\/\/yourhumandesign.ch\/wp-content\/uploads\/2021\/02\/DNA-mirror-300x192.jpg 300w, https:\/\/yourhumandesign.ch\/wp-content\/uploads\/2021\/02\/DNA-mirror-768x491.jpg 768w, https:\/\/yourhumandesign.ch\/wp-content\/uploads\/2021\/02\/DNA-mirror.jpg 1239w\" sizes=\"auto, (max-width: 1024px) 100vw, 1024px\" \/><span aria-hidden=\"true\" class=\"wp-block-cover__background has-background-dim\"><\/span><div class=\"wp-block-cover__inner-container is-layout-flow wp-block-cover-is-layout-flow\">\n<p class=\"has-text-align-center fade-in-up has-larger-font-size\">Willkommen in der Welt der Genschl\u00fcssel!<\/p>\n<\/div><\/div>\n","protected":false},"excerpt":{"rendered":"<p>Die Gene Keys (Genschl\u00fcssel) sind eine Weiterentwicklung auf der Grundlage von Human Design. Diese \u00dcbertragung kam durch Richard Rudd, Philosoph, Schriftsteller und Dichter, auf die Welt. Als er Direktor von Human Design UK war, hat er angefangen neue Erkenntnisse zu erhalten. Die Genschl\u00fcssel betonen das transformative Potenzial, das in unseren Genen schlummert. Indem wir das [&hellip;]<\/p>\n","protected":false},"author":1,"featured_media":0,"parent":0,"menu_order":0,"comment_status":"closed","ping_status":"closed","template":"","meta":{"_genesis_hide_title":false,"_genesis_hide_breadcrumbs":false,"_genesis_hide_singular_image":false,"_genesis_hide_footer_widgets":false,"_genesis_custom_body_class":"","_genesis_custom_post_class":"","_genesis_layout":"","footnotes":""},"class_list":{"0":"post-1197","1":"page","2":"type-page","3":"status-publish","5":"entry"},"aioseo_notices":[],"featured_image_src":null,"featured_image_src_square":null,"_links":{"self":[{"href":"https:\/\/yourhumandesign.ch\/de\/wp-json\/wp\/v2\/pages\/1197","targetHints":{"allow":["GET"]}}],"collection":[{"href":"https:\/\/yourhumandesign.ch\/de\/wp-json\/wp\/v2\/pages"}],"about":[{"href":"https:\/\/yourhumandesign.ch\/de\/wp-json\/wp\/v2\/types\/page"}],"author":[{"embeddable":true,"href":"https:\/\/yourhumandesign.ch\/de\/wp-json\/wp\/v2\/users\/1"}],"replies":[{"embeddable":true,"href":"https:\/\/yourhumandesign.ch\/de\/wp-json\/wp\/v2\/comments?post=1197"}],"version-history":[{"count":7,"href":"https:\/\/yourhumandesign.ch\/de\/wp-json\/wp\/v2\/pages\/1197\/revisions"}],"predecessor-version":[{"id":6972,"href":"https:\/\/yourhumandesign.ch\/de\/wp-json\/wp\/v2\/pages\/1197\/revisions\/6972"}],"wp:attachment":[{"href":"https:\/\/yourhumandesign.ch\/de\/wp-json\/wp\/v2\/media?parent=1197"}],"curies":[{"name":"wp","href":"https:\/\/api.w.org\/{rel}","templated":true}]}}