{"id":1266,"date":"2020-05-19T12:02:40","date_gmt":"2020-05-19T10:02:40","guid":{"rendered":"http:\/\/vcvvyzvzkp8.c.updraftclone.com\/human-design\/"},"modified":"2025-05-26T00:14:22","modified_gmt":"2025-05-25T22:14:22","slug":"human-design","status":"publish","type":"page","link":"https:\/\/yourhumandesign.ch\/de\/human-design\/","title":{"rendered":"Human Design"},"content":{"rendered":"\n<p class=\"fade-in-up\">Seit ich 2013 als Human Design Reader zertifiziert wurde, habe ich Hunderte von Sitzungen gegeben. Im Laufe der Jahre haben sich die folgenden Formate herauskristallisiert. Sie haben sich als die n\u00fctzlichste und effizienteste Art erwiesen, das zu vermitteln, was dein Chart mir erz\u00e4hlt.<\/p>\n\n\n\n<h1 class=\"wp-block-heading fade-in-up\" id=\"individual\">Individuelle Arbeit<\/h1>\n\n\n\n<figure class=\"wp-block-image fade-in-up\"><img loading=\"lazy\" decoding=\"async\" width=\"1024\" height=\"576\" src=\"https:\/\/yourhumandesign.ch\/wp-content\/uploads\/2020\/05\/Session-giver-Olda-3-e1589645349891-1024x576.jpg\" alt=\"Shantamo gibt eine Session\" class=\"wp-image-792\" srcset=\"https:\/\/yourhumandesign.ch\/wp-content\/uploads\/2020\/05\/Session-giver-Olda-3-e1589645349891-1024x576.jpg 1024w, https:\/\/yourhumandesign.ch\/wp-content\/uploads\/2020\/05\/Session-giver-Olda-3-e1589645349891-300x169.jpg 300w, https:\/\/yourhumandesign.ch\/wp-content\/uploads\/2020\/05\/Session-giver-Olda-3-e1589645349891-768x432.jpg 768w, https:\/\/yourhumandesign.ch\/wp-content\/uploads\/2020\/05\/Session-giver-Olda-3-e1589645349891-600x338.jpg 600w, https:\/\/yourhumandesign.ch\/wp-content\/uploads\/2020\/05\/Session-giver-Olda-3-e1589645349891.jpg 1076w\" sizes=\"auto, (max-width: 1024px) 100vw, 1024px\" \/><\/figure>\n\n\n\n<div style=\"padding-left:5%;padding-right:5%\" class=\"wp-block-genesis-blocks-gb-container fade-in-up gb-block-container\"><div class=\"gb-container-inside\"><div class=\"gb-container-content\" style=\"max-width:1200px\">\n<hr class=\"wp-block-separator has-css-opacity is-style-default fade-in-up\"\/>\n\n\n\n<h2 class=\"wp-block-heading fade-in-up\">NEU: <mark style=\"background-color:rgba(0, 0, 0, 0);color:#fd0909\" class=\"has-inline-color\">Action Activation Sitzung<\/mark><\/h2>\n\n\n\n<h3 class=\"wp-block-heading fade-in-up\">Verankerung f\u00fchrt zum Erfolg<\/h3>\n\n\n\n<p class=\"fade-in-up\">Mein Weg mit Human Design und den Gene Keys hat mich dazu gebracht, diese beiden Systeme in einer Form zusammenzuf\u00fchren, die ich Integrations-Reading nenne.<br>Jetzt gibt es einen einfachen, zug\u00e4nglichen Weg zu erfahren, was die Integration von Human Design und Gene Keys f\u00fcr dich tun kann.<\/p>\n\n\n\n<p class=\"fade-in-up\">Diese Sitzung, <strong>Action Activation,<\/strong> gibt dir eine stabile Orientierung \u00fcber deine einzigartigen Lebensgaben, die, mit denen du gekommen bist und die du in der Welt zum Ausdruck bringen sollst. Sie zeigt dir, wie du diese in deinem K\u00f6rper verankern kannst, so dass du mit emotionaler und k\u00f6rperlicher Stabilit\u00e4t deine Bestimmung leben kannst.<br>Sie zeigt auch deine gr\u00f6\u00dften Herausforderungen auf und wie du mit ihnen am besten umgehst.<br>Zum Schluss gebe ich dir mindestens eine \u00dcbung, um das, was du \u00fcber sich selbst gelernt hast, in die Praxis umzusetzen.<\/p>\n\n\n\n<p class=\"fade-in-up\">Es handelt sich um eine 30-min\u00fctige Sitzung. Der Preis betr\u00e4gt $75. Du erh\u00e4ltst dein Gen-Schl\u00fcssel-Profil, dein Human Design Chart und eine Aufzeichnung der Sitzung.<\/p>\n\n\n\n<div class=\"wp-block-buttons is-layout-flex wp-block-buttons-is-layout-flex\">\n<div class=\"wp-block-button gb-block-button fade-in-up\"><a class=\"wp-block-button__link has-text-color has-background has-custom-font-size wp-element-button\" href=\"https:\/\/booking.yourhumandesign.ch\/services\/action-activation-de\" style=\"border-radius:5px;color:#ffffff;background-color:#3373dc;padding-top:10px;padding-right:1em;padding-bottom:10px;padding-left:1em;font-size:20px;line-height:1.2\" target=\"_blank\" rel=\"noreferrer noopener\">Buche hier<\/a><\/div>\n<\/div>\n\n\n\n<hr class=\"wp-block-separator has-css-opacity is-style-default fade-in-up\"\/>\n\n\n\n<h2 class=\"wp-block-heading fade-in-up\">Vollst\u00e4ndige Pers\u00f6nliche Sitzung<\/h2>\n\n\n\n<h3 class=\"wp-block-heading fade-in-up\">Dein Chart erwacht zum Leben<\/h3>\n\n\n\n<p class=\"fade-in-up\">M\u00f6chtest du die St\u00e4rken und Lernpunkte deines eigenen Human Design Chart verstehen und wissen, wie sie sich in deinem Leben manifestieren? Dieses Bewusstsein allein kann dein Leben ver\u00e4ndern. Dar\u00fcber hinaus werden wir neue Ressourcen erschlie\u00dfen, um mit herausfordernden Situationen umzugehen und herauszufinden, wie du deine angeborenen Talente am besten entwickeln kannst. Neben dem Erlernen der klassischen Human Design-Schl\u00fcssel f\u00fcr Typ, Strategie und Autorit\u00e4t untersuchen wir genau, wie unterschiedliche Elemente deines Charts dein Leben gestalten, so dass du diese Energien zu deinem Vorteil nutzen kannst. Dies ist deine Wahl, wenn:<\/p>\n\n\n\n<ul class=\"wp-block-list\">\n<li class=\"fade-in-up\">Du auf der Basis eines soliden Verst\u00e4ndnisses deines Charts mehr Klarheit und Vertrauen in deinem Alltag erleben m\u00f6chtest.<\/li>\n\n\n\n<li class=\"fade-in-up\">Du vor einer wichtigen Entscheidung stehst und alle bewussten und unbewussten Auswirkungen, die sie haben wird, einbeziehen m\u00f6chtest.<\/li>\n<\/ul>\n\n\n\n<p class=\"fade-in-up\">Diese Sitzung dauert 70 Minuten, der Preis ist $195 (ca. \u20ac180), inklusive eine Audio- und Videoaufnahme.<\/p>\n\n\n\n<div class=\"wp-block-buttons is-layout-flex wp-block-buttons-is-layout-flex\">\n<div class=\"wp-block-button gb-block-button fade-in-up\"><a class=\"wp-block-button__link has-text-color has-background has-custom-font-size wp-element-button\" href=\"https:\/\/booking.yourhumandesign.ch\/services\/personliche-sitzung\" style=\"border-radius:5px;color:#ffffff;background-color:#3373dc;padding-top:10px;padding-right:1em;padding-bottom:10px;padding-left:1em;font-size:20px;line-height:1.2\" target=\"_blank\" rel=\"noreferrer noopener\">Buche hier<\/a><\/div>\n<\/div>\n\n\n\n<hr class=\"wp-block-separator has-css-opacity is-style-default fade-in-up\"\/>\n\n\n\n<h1 class=\"wp-block-heading fade-in-up\" id=\"relationship\">Beziehungen<\/h1>\n\n\n\n<figure class=\"wp-block-image size-large fade-in-up\"><img loading=\"lazy\" decoding=\"async\" width=\"1024\" height=\"578\" src=\"https:\/\/yourhumandesign.ch\/wp-content\/uploads\/2020\/05\/Session-gives-Saburi-YHD-new-1024x578.jpg\" alt=\"Shantamo gibt eine Beziehungssitzung\" class=\"wp-image-796\" srcset=\"https:\/\/yourhumandesign.ch\/wp-content\/uploads\/2020\/05\/Session-gives-Saburi-YHD-new-1024x578.jpg 1024w, https:\/\/yourhumandesign.ch\/wp-content\/uploads\/2020\/05\/Session-gives-Saburi-YHD-new-300x169.jpg 300w, https:\/\/yourhumandesign.ch\/wp-content\/uploads\/2020\/05\/Session-gives-Saburi-YHD-new-768x434.jpg 768w, https:\/\/yourhumandesign.ch\/wp-content\/uploads\/2020\/05\/Session-gives-Saburi-YHD-new-1536x867.jpg 1536w, https:\/\/yourhumandesign.ch\/wp-content\/uploads\/2020\/05\/Session-gives-Saburi-YHD-new-2048x1156.jpg 2048w, https:\/\/yourhumandesign.ch\/wp-content\/uploads\/2020\/05\/Session-gives-Saburi-YHD-new-600x338.jpg 600w\" sizes=\"auto, (max-width: 1024px) 100vw, 1024px\" \/><\/figure>\n\n\n\n<div style=\"padding-left:5%;padding-right:5%\" class=\"wp-block-genesis-blocks-gb-container fade-in-up gb-block-container\"><div class=\"gb-container-inside\"><div class=\"gb-container-content\">\n<h2 class=\"wp-block-heading\">In den Spiegel schauen<\/h2>\n\n\n\n<p>Ein Lebensbereich, in dem wir vielleicht am meisten lernen k\u00f6nnen, sind unsere engen Beziehungen, sei es pers\u00f6nlich oder bei der Arbeit. Nicht nur bietet ein Human Design Komposit-Chart Reading einen haarscharfen Blick in die St\u00e4rken und Schwachstellen jedes Partners, es zeigt auch wo beide im Einklang sind, wie sie sich gegenseitig bereichern und wie sie voneinander lernen k\u00f6nnen.  Ma\u00dfgeschneiderte Strategien f\u00fcr eine effektive Kommunikation f\u00fcr  Konfliktmanagement runden diese Sitzung ab. Sie kann von einem oder beiden Partnern gebucht werden. Die Bereitschaft zur Selbstreflektion bei mindestens einem der Partner ist essenziell f\u00fcr diese Sitzung. Ver\u00e4nderung beginnt bei uns selbst.<\/p>\n\n\n\n<p>Die Dauer dieser Sitzung betr\u00e4gt 90 Minuten. Sie umfasst das Chart jedes Partners und das Komposit-Chart, sowie eine Audio- und Videoaufnahme. Der Preis betr\u00e4gt $270 (ca. \u20ac250).<\/p>\n\n\n\n<div class=\"wp-block-buttons is-layout-flex wp-block-buttons-is-layout-flex\">\n<div class=\"wp-block-button gb-block-button\"><a class=\"wp-block-button__link has-text-color has-background has-custom-font-size wp-element-button\" href=\"https:\/\/booking.yourhumandesign.ch\/services\/beziehung-als-spiegel\" style=\"border-radius:5px;color:#ffffff;background-color:#3373dc;padding-top:10px;padding-right:1em;padding-bottom:10px;padding-left:1em;font-size:20px;line-height:1.2\" target=\"_blank\" rel=\"noreferrer noopener\">Buche hier<\/a><\/div>\n<\/div>\n\n\n\n<h2 class=\"wp-block-heading fade-in-up\">Integrations-Sitzung<\/h2>\n\n\n\n<figure class=\"wp-block-image size-large fade-in-up\"><a href=\"https:\/\/yourhumandesign.ch\/de\/?page_id=3957\"><img loading=\"lazy\" decoding=\"async\" width=\"1024\" height=\"768\" src=\"https:\/\/yourhumandesign.ch\/wp-content\/uploads\/2022\/04\/GKHD-session-title-1024x768.jpg\" alt=\"The GKHD Integration Session\" class=\"wp-image-3912\" srcset=\"https:\/\/yourhumandesign.ch\/wp-content\/uploads\/2022\/04\/GKHD-session-title-1024x768.jpg 1024w, https:\/\/yourhumandesign.ch\/wp-content\/uploads\/2022\/04\/GKHD-session-title-300x225.jpg 300w, https:\/\/yourhumandesign.ch\/wp-content\/uploads\/2022\/04\/GKHD-session-title-768x576.jpg 768w, https:\/\/yourhumandesign.ch\/wp-content\/uploads\/2022\/04\/GKHD-session-title-1536x1152.jpg 1536w, https:\/\/yourhumandesign.ch\/wp-content\/uploads\/2022\/04\/GKHD-session-title-2048x1536.jpg 2048w\" sizes=\"auto, (max-width: 1024px) 100vw, 1024px\" \/><\/a><\/figure>\n\n\n\n<p class=\"fade-in-up\">Die Integration der beiden Weisheitssysteme erm\u00f6glicht ein tieferes Verst\u00e4ndnis und eine schnelle Umsetzung der gew\u00fcnschten Ver\u00e4nderungen in deinem Leben. Eine Sitzung von Siebzig Minuten. <a href=\"https:\/\/yourhumandesign.ch\/de\/?page_id=3957\">Mehr Info<\/a><\/p>\n\n\n\n<div class=\"wp-block-buttons is-layout-flex wp-block-buttons-is-layout-flex\">\n<div class=\"wp-block-button fade-in-up gb-block-button\"><a class=\"wp-block-button__link has-text-color has-background has-custom-font-size wp-element-button\" href=\"https:\/\/booking.yourhumandesign.ch\/services\/gkhd-integrations-sitzung\" style=\"border-radius:5px;color:#ffffff;background-color:#3373dc;padding-top:10px;padding-right:1em;padding-bottom:10px;padding-left:1em;font-size:20px;line-height:1.2\" target=\"_blank\" rel=\"noreferrer noopener\">jetzt Buchen<\/a><\/div>\n<\/div>\n<\/div><\/div><\/div>\n\n\n\n<hr class=\"wp-block-separator has-css-opacity is-style-default fade-in-up\"\/>\n\n\n\n<figure class=\"wp-block-image size-large fade-in-up\"><img loading=\"lazy\" decoding=\"async\" width=\"1024\" height=\"578\" src=\"https:\/\/yourhumandesign.ch\/wp-content\/uploads\/2020\/05\/Course-in-China-2-e1589646547245-1024x578.jpg\" alt=\"Shantamo unterrichtet eine Gruppe von Menschen\" class=\"wp-image-794\" srcset=\"https:\/\/yourhumandesign.ch\/wp-content\/uploads\/2020\/05\/Course-in-China-2-e1589646547245-1024x578.jpg 1024w, https:\/\/yourhumandesign.ch\/wp-content\/uploads\/2020\/05\/Course-in-China-2-e1589646547245-300x169.jpg 300w, https:\/\/yourhumandesign.ch\/wp-content\/uploads\/2020\/05\/Course-in-China-2-e1589646547245-768x434.jpg 768w, https:\/\/yourhumandesign.ch\/wp-content\/uploads\/2020\/05\/Course-in-China-2-e1589646547245-600x338.jpg 600w, https:\/\/yourhumandesign.ch\/wp-content\/uploads\/2020\/05\/Course-in-China-2-e1589646547245.jpg 1071w\" sizes=\"auto, (max-width: 1024px) 100vw, 1024px\" \/><\/figure>\n\n\n\n<h1 class=\"wp-block-heading fade-in-up\" id=\"training\">Training<\/h1>\n\n\n\n<div style=\"padding-left:5%;padding-right:5%\" class=\"wp-block-genesis-blocks-gb-container fade-in-up gb-block-container\"><div class=\"gb-container-inside\"><div class=\"gb-container-content\">\n<h2 class=\"wp-block-heading\">Das System verstehen, Chart-Lesen lernen und anderen die Erkenntnisse vermitteln k\u00f6nnen.<\/h2>\n\n\n\n<p>Das Human Design Training besteht aus drei Modulen. Im ersten lernst du, dein eigenes und die Charts anderer zu lesen. Danach hast du Zeit, dein Wissen zu integrieren und das Chart Lesen mit Freunden und Bekannten zu \u00fcben.<\/p>\n\n\n\n<p>Im zweiten Modul konzentrieren wir uns auf eine professionelle Art des Chart-Lesens. Einerseits vertiefst du dein Wissen \u00fcber Human Design, andererseits lernst du wie du deine intuitiven Wahrnehmungen erkennst und sie in die rationale Seite des Systems integrieren kannst.<\/p>\n\n\n\n<p>Das dritte Modul basiert auf Erfahrungslernen. Wir werden das Interaktionsfeld zwischen Sessiongeber und Klient erkunden und herausfinden, wie man ein positives und aufbauendes Umfeld schafft. Wir entdecken, wie wir eine stabile innere Einstellung, die zu einer neutralen, einladenden Pr\u00e4senz in unserer Arbeit f\u00fchrt, beibehalten k\u00f6nnen. Dies stellt die bestm\u00f6gliche \u00dcbertragung deines Fachwissens und deiner intuitiven Erkenntnisse sicher.<\/p>\n\n\n\n<div class=\"wp-block-buttons is-layout-flex wp-block-buttons-is-layout-flex\">\n<div class=\"wp-block-button gb-block-button\"><a class=\"wp-block-button__link has-text-color has-background has-custom-font-size wp-element-button\" href=\"https:\/\/yourhumandesign.ch\/contact\/\" style=\"border-radius:5px;color:#ffffff;background-color:#3373dc;padding-top:10px;padding-right:1em;padding-bottom:10px;padding-left:1em;font-size:20px;line-height:1.2\">mehr info<\/a><\/div>\n<\/div>\n<\/div><\/div><\/div>\n<\/div><\/div><\/div>\n","protected":false},"excerpt":{"rendered":"<p>Seit ich 2013 als Human Design Reader zertifiziert wurde, habe ich Hunderte von Sitzungen gegeben. Im Laufe der Jahre haben sich die folgenden Formate herauskristallisiert. Sie haben sich als die n\u00fctzlichste und effizienteste Art erwiesen, das zu vermitteln, was dein Chart mir erz\u00e4hlt. Individuelle Arbeit<\/p>\n","protected":false},"author":2,"featured_media":790,"parent":0,"menu_order":0,"comment_status":"closed","ping_status":"closed","template":"","meta":{"_genesis_hide_title":false,"_genesis_hide_breadcrumbs":false,"_genesis_hide_singular_image":false,"_genesis_hide_footer_widgets":false,"_genesis_custom_body_class":"","_genesis_custom_post_class":"","_genesis_layout":"","footnotes":""},"class_list":{"0":"post-1266","1":"page","2":"type-page","3":"status-publish","4":"has-post-thumbnail","6":"entry"},"aioseo_notices":[],"featured_image_src":"https:\/\/yourhumandesign.ch\/wp-content\/uploads\/2020\/05\/Sessiongiver-Olda-long-600x288.jpg","featured_image_src_square":"https:\/\/yourhumandesign.ch\/wp-content\/uploads\/2020\/05\/Sessiongiver-Olda-long-600x288.jpg","_links":{"self":[{"href":"https:\/\/yourhumandesign.ch\/de\/wp-json\/wp\/v2\/pages\/1266","targetHints":{"allow":["GET"]}}],"collection":[{"href":"https:\/\/yourhumandesign.ch\/de\/wp-json\/wp\/v2\/pages"}],"about":[{"href":"https:\/\/yourhumandesign.ch\/de\/wp-json\/wp\/v2\/types\/page"}],"author":[{"embeddable":true,"href":"https:\/\/yourhumandesign.ch\/de\/wp-json\/wp\/v2\/users\/2"}],"replies":[{"embeddable":true,"href":"https:\/\/yourhumandesign.ch\/de\/wp-json\/wp\/v2\/comments?post=1266"}],"version-history":[{"count":31,"href":"https:\/\/yourhumandesign.ch\/de\/wp-json\/wp\/v2\/pages\/1266\/revisions"}],"predecessor-version":[{"id":6949,"href":"https:\/\/yourhumandesign.ch\/de\/wp-json\/wp\/v2\/pages\/1266\/revisions\/6949"}],"wp:featuredmedia":[{"embeddable":true,"href":"https:\/\/yourhumandesign.ch\/de\/wp-json\/wp\/v2\/media\/790"}],"wp:attachment":[{"href":"https:\/\/yourhumandesign.ch\/de\/wp-json\/wp\/v2\/media?parent=1266"}],"curies":[{"name":"wp","href":"https:\/\/api.w.org\/{rel}","templated":true}]}}