{"id":4942,"date":"2023-02-01T15:02:23","date_gmt":"2023-02-01T14:02:23","guid":{"rendered":"https:\/\/yourhumandesign.ch\/blog\/"},"modified":"2023-02-04T00:24:20","modified_gmt":"2023-02-03T23:24:20","slug":"blog","status":"publish","type":"page","link":"https:\/\/yourhumandesign.ch\/de\/blog\/","title":{"rendered":"Blog"},"content":{"rendered":"\n<p class=\"has-larger-font-size\">Unser Blog mit den neuesten Nachrichten von Your Human Design<\/p>\n\n\n<section class=\"gb-block-post-grid featuredpost aligncenter\"><div class=\"gb-post-grid-items is-grid columns-2\"><article id=\"post-7632\" class=\"gb-post-grid-item post-7632 post type-post status-publish format-standard has-post-thumbnail entry\"><div class=\"gb-block-post-grid-image\"><a href=\"https:\/\/yourhumandesign.ch\/de\/die-transite-fuer-februar-2026\/\" rel=\"bookmark\" aria-hidden=\"true\" tabindex=\"-1\"><img loading=\"lazy\" decoding=\"async\" width=\"1280\" height=\"898\" src=\"https:\/\/yourhumandesign.ch\/wp-content\/uploads\/2026\/01\/Phoenix-feminine-e1769476160593.jpg\" class=\"attachment-full size-full\" alt=\"\" \/><\/a><\/div><div class=\"gb-block-post-grid-text\"><header class=\"gb-block-post-grid-header\"><h3 class=\"gb-block-post-grid-title\"><a href=\"https:\/\/yourhumandesign.ch\/de\/die-transite-fuer-februar-2026\/\" rel=\"bookmark\">Die Transite f\u00fcr Februar 2026<\/a><\/h3><div class=\"gb-block-post-grid-byline\"><div class=\"gb-block-post-grid-author\" itemprop=\"author\" itemtype=\"https:\/\/schema.org\/Person\"><a class=\"gb-text-link\" href=\"https:\/\/yourhumandesign.ch\/de\/author\/admin-190687285\/\" itemprop=\"url\" rel=\"author\"><span itemprop=\"name\">Shantamo<\/span><\/a><\/div><time datetime=\"2026-01-27T00:18:02+01:00\" class=\"gb-block-post-grid-date\" itemprop=\"datePublished\">27. Januar 2026<\/time><\/div><\/header><div class=\"gb-block-post-grid-excerpt\"><p>Jeden Monat sende ich meinen Newsletter-Abonnenten die Transite f\u00fcr den jeweiligen Monat. Der Februar hat mehr zu bieten, als ich in den Newsletter packen konnte. Deshalb stelle ich nur dieses Mal die erweiterte Version der Transite f\u00fcr Februar 2026 \u00f6ffentlich zur Verf\u00fcgung. Hier kannst du meinen monatlichen Newsletter abonnieren. \u00dcberblick Entschuldige bitte, dass ich nicht&hellip;<\/p>\n<p><a class=\"gb-block-post-grid-more-link gb-text-link\" href=\"https:\/\/yourhumandesign.ch\/de\/die-transite-fuer-februar-2026\/\" rel=\"bookmark\">Weiterlesen <span class=\"screen-reader-text\">Die Transite f\u00fcr Februar 2026<\/span><\/a><\/p><\/div><\/div><\/article>\n<article id=\"post-5123\" class=\"gb-post-grid-item post-5123 post type-post status-publish format-standard has-post-thumbnail category-human-design-kenntnisse category-meditationen tag-human-design-de tag-ritual-de entry\"><div class=\"gb-block-post-grid-image\"><a href=\"https:\/\/yourhumandesign.ch\/de\/mache-einen-neuanfang-mit-diesem-fruhlingsritual\/\" rel=\"bookmark\" aria-hidden=\"true\" tabindex=\"-1\"><img loading=\"lazy\" decoding=\"async\" width=\"2560\" height=\"1440\" src=\"https:\/\/yourhumandesign.ch\/wp-content\/uploads\/2023\/03\/Tree-flowers-in-landscape-scaled.jpg\" class=\"attachment-full size-full\" alt=\"\" srcset=\"https:\/\/yourhumandesign.ch\/wp-content\/uploads\/2023\/03\/Tree-flowers-in-landscape-scaled.jpg 2560w, https:\/\/yourhumandesign.ch\/wp-content\/uploads\/2023\/03\/Tree-flowers-in-landscape-300x169.jpg 300w, https:\/\/yourhumandesign.ch\/wp-content\/uploads\/2023\/03\/Tree-flowers-in-landscape-1024x576.jpg 1024w, https:\/\/yourhumandesign.ch\/wp-content\/uploads\/2023\/03\/Tree-flowers-in-landscape-768x432.jpg 768w, https:\/\/yourhumandesign.ch\/wp-content\/uploads\/2023\/03\/Tree-flowers-in-landscape-1536x864.jpg 1536w, https:\/\/yourhumandesign.ch\/wp-content\/uploads\/2023\/03\/Tree-flowers-in-landscape-2048x1152.jpg 2048w, https:\/\/yourhumandesign.ch\/wp-content\/uploads\/2023\/03\/Tree-flowers-in-landscape-600x338.jpg 600w\" sizes=\"auto, (max-width: 2560px) 100vw, 2560px\" \/><\/a><\/div><div class=\"gb-block-post-grid-text\"><header class=\"gb-block-post-grid-header\"><h3 class=\"gb-block-post-grid-title\"><a href=\"https:\/\/yourhumandesign.ch\/de\/mache-einen-neuanfang-mit-diesem-fruhlingsritual\/\" rel=\"bookmark\">Mache einen Neuanfang mit diesem Fr\u00fchlingsritual<\/a><\/h3><div class=\"gb-block-post-grid-byline\"><div class=\"gb-block-post-grid-author\" itemprop=\"author\" itemtype=\"https:\/\/schema.org\/Person\"><a class=\"gb-text-link\" href=\"https:\/\/yourhumandesign.ch\/de\/author\/admin-190687285\/\" itemprop=\"url\" rel=\"author\"><span itemprop=\"name\">Shantamo<\/span><\/a><\/div><time datetime=\"2023-03-20T02:36:49+01:00\" class=\"gb-block-post-grid-date\" itemprop=\"datePublished\">20. M\u00e4rz 2023<\/time><\/div><\/header><div class=\"gb-block-post-grid-excerpt\"><p>Einf\u00fchrung Es ist klar, dass die Welt gewaltige Ver\u00e4nderungen durchmacht. Richard Rudd, der Gr\u00fcnder der Gene Keys, sagt, dass das, was hier auf der Erde geschieht, kein Einzelph\u00e4nomen ist, sondern dass es Teil einer evolution\u00e4ren Ver\u00e4nderung in der Struktur des Universums ist. Wir befinden uns in diesem Wandel wie alles andere auch, und er wird&hellip;<\/p>\n<p><a class=\"gb-block-post-grid-more-link gb-text-link\" href=\"https:\/\/yourhumandesign.ch\/de\/mache-einen-neuanfang-mit-diesem-fruhlingsritual\/\" rel=\"bookmark\">Weiterlesen <span class=\"screen-reader-text\">Mache einen Neuanfang mit diesem Fr\u00fchlingsritual<\/span><\/a><\/p><\/div><\/div><\/article>\n<article id=\"post-4987\" class=\"gb-post-grid-item post-4987 post type-post status-publish format-standard has-post-thumbnail category-gene-keys-de category-human-design-kenntnisse tag-gene-keys-de tag-human-design-de entry\"><div class=\"gb-block-post-grid-image\"><a href=\"https:\/\/yourhumandesign.ch\/de\/tor-30-wie-das-begehren-die-dinge-ins-leben-ruft\/\" rel=\"bookmark\" aria-hidden=\"true\" tabindex=\"-1\"><img loading=\"lazy\" decoding=\"async\" width=\"969\" height=\"560\" src=\"https:\/\/yourhumandesign.ch\/wp-content\/uploads\/2023\/02\/Tango-couple-hor.jpg\" class=\"attachment-full size-full\" alt=\"Una coppia balla\" srcset=\"https:\/\/yourhumandesign.ch\/wp-content\/uploads\/2023\/02\/Tango-couple-hor.jpg 969w, https:\/\/yourhumandesign.ch\/wp-content\/uploads\/2023\/02\/Tango-couple-hor-300x173.jpg 300w, https:\/\/yourhumandesign.ch\/wp-content\/uploads\/2023\/02\/Tango-couple-hor-768x444.jpg 768w\" sizes=\"auto, (max-width: 969px) 100vw, 969px\" \/><\/a><\/div><div class=\"gb-block-post-grid-text\"><header class=\"gb-block-post-grid-header\"><h3 class=\"gb-block-post-grid-title\"><a href=\"https:\/\/yourhumandesign.ch\/de\/tor-30-wie-das-begehren-die-dinge-ins-leben-ruft\/\" rel=\"bookmark\">Tor 30: Wie das Begehren die Dinge ins Leben ruft<\/a><\/h3><div class=\"gb-block-post-grid-byline\"><div class=\"gb-block-post-grid-author\" itemprop=\"author\" itemtype=\"https:\/\/schema.org\/Person\"><a class=\"gb-text-link\" href=\"https:\/\/yourhumandesign.ch\/de\/author\/admin-190687285\/\" itemprop=\"url\" rel=\"author\"><span itemprop=\"name\">Shantamo<\/span><\/a><\/div><time datetime=\"2023-02-01T00:16:11+01:00\" class=\"gb-block-post-grid-date\" itemprop=\"datePublished\">1. Februar 2023<\/time><\/div><\/header><div class=\"gb-block-post-grid-excerpt\"><p>Starker Tobak auf dem Grund des Charts Im Januar und Februar dieses Jahres durchl\u00e4uft Saturn das Tor 30. Vom 22. bis 27. Januar aktivierte Saturn zusammen mit der Sonne den Kanal 30-41, wobei auch Venus Teil dieses Kanals ausmachte. Vom 13. bis 18. Februar sehen wir Sonne und Saturn beide in Tor 30, mit Merkur&hellip;<\/p>\n<p><a class=\"gb-block-post-grid-more-link gb-text-link\" href=\"https:\/\/yourhumandesign.ch\/de\/tor-30-wie-das-begehren-die-dinge-ins-leben-ruft\/\" rel=\"bookmark\">Weiterlesen <span class=\"screen-reader-text\">Tor 30: Wie das Begehren die Dinge ins Leben ruft<\/span><\/a><\/p><\/div><\/div><\/article>\n<article id=\"post-3450\" class=\"gb-post-grid-item post-3450 post type-post status-publish format-standard has-post-thumbnail category-human-design-kenntnisse tag-human-design-de tag-human-design-typen tag-ra-uru-hu-de tag-voraussagen entry\"><div class=\"gb-block-post-grid-image\"><a href=\"https:\/\/yourhumandesign.ch\/de\/ist-der-kanal-des-charismas-ein-tantrischer-uberflieger\/\" rel=\"bookmark\" aria-hidden=\"true\" tabindex=\"-1\"><img loading=\"lazy\" decoding=\"async\" width=\"1920\" height=\"1440\" src=\"https:\/\/yourhumandesign.ch\/wp-content\/uploads\/2021\/09\/Trumpet-Angels-e1630544343812.jpg\" class=\"attachment-full size-full\" alt=\"Angeli chi suonano\" \/><\/a><\/div><div class=\"gb-block-post-grid-text\"><header class=\"gb-block-post-grid-header\"><h3 class=\"gb-block-post-grid-title\"><a href=\"https:\/\/yourhumandesign.ch\/de\/ist-der-kanal-des-charismas-ein-tantrischer-uberflieger\/\" rel=\"bookmark\">Ist der Kanal des Charismas ein tantrischer \u00dcberflieger?<\/a><\/h3><div class=\"gb-block-post-grid-byline\"><div class=\"gb-block-post-grid-author\" itemprop=\"author\" itemtype=\"https:\/\/schema.org\/Person\"><a class=\"gb-text-link\" href=\"https:\/\/yourhumandesign.ch\/de\/author\/admin-190687285\/\" itemprop=\"url\" rel=\"author\"><span itemprop=\"name\">Shantamo<\/span><\/a><\/div><time datetime=\"2021-09-02T02:19:51+02:00\" class=\"gb-block-post-grid-date\" itemprop=\"datePublished\">2. September 2021<\/time><\/div><\/header><div class=\"gb-block-post-grid-excerpt\"><p>Der Kanal des Charismas (oder des Besch\u00e4ftigt-seins) : 20-34 Der Kanal des Charismas ist die einzige direkte Verbindung oder der &#8222;Direktflug&#8220; zwischen der Lebensenergie des Generatorzentrums und den Manifestationsf\u00e4higkeiten des Kehlzentrums. Von den sechs n\u00e4chstn\u00e4heren Verbindungen &#8211; sozusagen mit einem Zwischenstopp in einem anderen Zentrum &#8211; gehen drei durch das Selbst-Zentrum. Es gibt uns unseren&hellip;<\/p>\n<p><a class=\"gb-block-post-grid-more-link gb-text-link\" href=\"https:\/\/yourhumandesign.ch\/de\/ist-der-kanal-des-charismas-ein-tantrischer-uberflieger\/\" rel=\"bookmark\">Weiterlesen <span class=\"screen-reader-text\">Ist der Kanal des Charismas ein tantrischer \u00dcberflieger?<\/span><\/a><\/p><\/div><\/div><\/article>\n<article id=\"post-2874\" class=\"gb-post-grid-item post-2874 post type-post status-publish format-standard has-post-thumbnail category-human-design-kenntnisse tag-human-design-de tag-human-design-typen tag-human-design-types-de entry\"><div class=\"gb-block-post-grid-image\"><a href=\"https:\/\/yourhumandesign.ch\/de\/human-design-typus-interaktionen\/\" rel=\"bookmark\" aria-hidden=\"true\" tabindex=\"-1\"><img loading=\"lazy\" decoding=\"async\" width=\"1920\" height=\"1084\" src=\"https:\/\/yourhumandesign.ch\/wp-content\/uploads\/2021\/04\/woman-690034_1920-e1619743652918.jpg\" class=\"attachment-full size-full\" alt=\"\" srcset=\"https:\/\/yourhumandesign.ch\/wp-content\/uploads\/2021\/04\/woman-690034_1920-e1619743652918.jpg 1920w, https:\/\/yourhumandesign.ch\/wp-content\/uploads\/2021\/04\/woman-690034_1920-e1619743652918-300x169.jpg 300w, https:\/\/yourhumandesign.ch\/wp-content\/uploads\/2021\/04\/woman-690034_1920-e1619743652918-1024x578.jpg 1024w, https:\/\/yourhumandesign.ch\/wp-content\/uploads\/2021\/04\/woman-690034_1920-e1619743652918-768x434.jpg 768w, https:\/\/yourhumandesign.ch\/wp-content\/uploads\/2021\/04\/woman-690034_1920-e1619743652918-1536x867.jpg 1536w, https:\/\/yourhumandesign.ch\/wp-content\/uploads\/2021\/04\/woman-690034_1920-e1619743652918-600x338.jpg 600w\" sizes=\"auto, (max-width: 1920px) 100vw, 1920px\" \/><\/a><\/div><div class=\"gb-block-post-grid-text\"><header class=\"gb-block-post-grid-header\"><h3 class=\"gb-block-post-grid-title\"><a href=\"https:\/\/yourhumandesign.ch\/de\/human-design-typus-interaktionen\/\" rel=\"bookmark\">Human Design Typus-Interaktionen<\/a><\/h3><div class=\"gb-block-post-grid-byline\"><div class=\"gb-block-post-grid-author\" itemprop=\"author\" itemtype=\"https:\/\/schema.org\/Person\"><a class=\"gb-text-link\" href=\"https:\/\/yourhumandesign.ch\/de\/author\/admin-190687285\/\" itemprop=\"url\" rel=\"author\"><span itemprop=\"name\">Shantamo<\/span><\/a><\/div><time datetime=\"2021-04-30T02:18:49+02:00\" class=\"gb-block-post-grid-date\" itemprop=\"datePublished\">30. April 2021<\/time><\/div><\/header><div class=\"gb-block-post-grid-excerpt\"><p>Dein Typus, einer der drei Hauptschl\u00fcssel im Human Design, beschreibt wie deine Lebensenergie sich ausdr\u00fcckt. Wenn Du deinen Typus nicht kennst, kannst Du hier ein gratis Chart anfordern und ich schicke Dir die Beschreibung Deines Typus zusammen mit Deinem Chart. Zu wissen, wie Dein Typus mit anderen Typen interagiert, kann sehr n\u00fctzlich sein. Es hilft&hellip;<\/p>\n<p><a class=\"gb-block-post-grid-more-link gb-text-link\" href=\"https:\/\/yourhumandesign.ch\/de\/human-design-typus-interaktionen\/\" rel=\"bookmark\">Weiterlesen <span class=\"screen-reader-text\">Human Design Typus-Interaktionen<\/span><\/a><\/p><\/div><\/div><\/article>\n<article id=\"post-1324\" class=\"gb-post-grid-item post-1324 post type-post status-publish format-standard has-post-thumbnail category-chart-readings-de category-human-design-kenntnisse tag-human-design-charts-de entry\"><div class=\"gb-block-post-grid-image\"><a href=\"https:\/\/yourhumandesign.ch\/de\/das-fixierte-persoenlichkeitsprofil\/\" rel=\"bookmark\" aria-hidden=\"true\" tabindex=\"-1\"><img loading=\"lazy\" decoding=\"async\" width=\"1200\" height=\"675\" src=\"https:\/\/yourhumandesign.ch\/wp-content\/uploads\/2017\/09\/Leaf-and-Light.jpg\" class=\"attachment-full size-full\" alt=\"Blatt und Licht\" srcset=\"https:\/\/yourhumandesign.ch\/wp-content\/uploads\/2017\/09\/Leaf-and-Light.jpg 1200w, https:\/\/yourhumandesign.ch\/wp-content\/uploads\/2017\/09\/Leaf-and-Light-300x169.jpg 300w, https:\/\/yourhumandesign.ch\/wp-content\/uploads\/2017\/09\/Leaf-and-Light-1024x576.jpg 1024w, https:\/\/yourhumandesign.ch\/wp-content\/uploads\/2017\/09\/Leaf-and-Light-768x432.jpg 768w, https:\/\/yourhumandesign.ch\/wp-content\/uploads\/2017\/09\/Leaf-and-Light-600x338.jpg 600w\" sizes=\"auto, (max-width: 1200px) 100vw, 1200px\" \/><\/a><\/div><div class=\"gb-block-post-grid-text\"><header class=\"gb-block-post-grid-header\"><h3 class=\"gb-block-post-grid-title\"><a href=\"https:\/\/yourhumandesign.ch\/de\/das-fixierte-persoenlichkeitsprofil\/\" rel=\"bookmark\">Das fixierte Pers\u00f6nlichkeitsprofil<\/a><\/h3><div class=\"gb-block-post-grid-byline\"><div class=\"gb-block-post-grid-author\" itemprop=\"author\" itemtype=\"https:\/\/schema.org\/Person\"><a class=\"gb-text-link\" href=\"https:\/\/yourhumandesign.ch\/de\/author\/shantamo\/\" itemprop=\"url\" rel=\"author\"><span itemprop=\"name\">Shantamo Kamstra<\/span><\/a><\/div><time datetime=\"2017-09-12T14:40:41+02:00\" class=\"gb-block-post-grid-date\" itemprop=\"datePublished\">12. September 2017<\/time><\/div><\/header><div class=\"gb-block-post-grid-excerpt\"><p>Heute werfen wir einen Blick auf ein Chart eines fixierten Pers\u00f6nlichkeitsprofils, eine Seltenheit in der Welt des Human Designs. Profile beschreiben, wie wir uns selbst und die Welt um uns herum sehen, daher auch wie wir uns in der Welt verhalten. Es gibt zw\u00f6lf Pers\u00f6nlichkeitsprofile. Die Mehrheit ist haupts\u00e4chlich auf sich selbst orientiert; f\u00fcr einige&hellip;<\/p>\n<p><a class=\"gb-block-post-grid-more-link gb-text-link\" href=\"https:\/\/yourhumandesign.ch\/de\/das-fixierte-persoenlichkeitsprofil\/\" rel=\"bookmark\">Weiterlesen <span class=\"screen-reader-text\">Das fixierte Pers\u00f6nlichkeitsprofil<\/span><\/a><\/p><\/div><\/div><\/article>\n<\/div><\/section>\n\n\n<hr class=\"wp-block-separator has-alpha-channel-opacity\"\/>\n\n\n\n<div class=\"wp-block-genesis-blocks-gb-columns gb-layout-columns-2 gb-2-col-equal\"><div class=\"gb-layout-column-wrap gb-block-layout-column-gap-2 gb-is-responsive-column\">\n<div class=\"wp-block-genesis-blocks-gb-column gb-block-layout-column\"><div class=\"gb-block-layout-column-inner\">\n<h3 class=\"wp-block-heading\">Kategorien<\/h3>\n\n\n<ul class=\"wp-block-categories-list wp-block-categories\">\t<li class=\"cat-item cat-item-30\"><a href=\"https:\/\/yourhumandesign.ch\/de\/category\/chart-readings-de\/\">Chart Readings<\/a>\n<\/li>\n\t<li class=\"cat-item cat-item-97\"><a href=\"https:\/\/yourhumandesign.ch\/de\/category\/gene-keys-de\/\">Gene Keys<\/a>\n<\/li>\n\t<li class=\"cat-item cat-item-28\"><a href=\"https:\/\/yourhumandesign.ch\/de\/category\/human-design-kenntnisse\/\">Human Design Kenntnisse<\/a>\n<\/li>\n\t<li class=\"cat-item cat-item-66\"><a href=\"https:\/\/yourhumandesign.ch\/de\/category\/meditationen\/\">Meditationen<\/a>\n<\/li>\n\t<li class=\"cat-item cat-item-27\"><a href=\"https:\/\/yourhumandesign.ch\/de\/category\/promis\/\">Promis<\/a>\n<\/li>\n\t<li class=\"cat-item cat-item-51\"><a href=\"https:\/\/yourhumandesign.ch\/de\/category\/transite\/\">Transite<\/a>\n<\/li>\n<\/ul><\/div><\/div>\n\n\n\n<div class=\"wp-block-genesis-blocks-gb-column gb-block-layout-column\"><div class=\"gb-block-layout-column-inner\">\n<h3 class=\"wp-block-heading\">Geschichte<\/h3>\n\n\n<ul class=\"wp-block-archives-list wp-block-archives\">\t<li><a href='https:\/\/yourhumandesign.ch\/de\/2026\/01\/'>Januar 2026<\/a><\/li>\n\t<li><a href='https:\/\/yourhumandesign.ch\/de\/2023\/03\/'>M\u00e4rz 2023<\/a><\/li>\n\t<li><a href='https:\/\/yourhumandesign.ch\/de\/2023\/02\/'>Februar 2023<\/a><\/li>\n\t<li><a href='https:\/\/yourhumandesign.ch\/de\/2021\/09\/'>September 2021<\/a><\/li>\n\t<li><a href='https:\/\/yourhumandesign.ch\/de\/2021\/04\/'>April 2021<\/a><\/li>\n\t<li><a href='https:\/\/yourhumandesign.ch\/de\/2017\/09\/'>September 2017<\/a><\/li>\n\t<li><a href='https:\/\/yourhumandesign.ch\/de\/2015\/05\/'>Mai 2015<\/a><\/li>\n\t<li><a href='https:\/\/yourhumandesign.ch\/de\/2014\/04\/'>April 2014<\/a><\/li>\n<\/ul><\/div><\/div>\n<\/div><\/div>\n","protected":false},"excerpt":{"rendered":"<p>Unser Blog mit den neuesten Nachrichten von Your Human Design<\/p>\n","protected":false},"author":1,"featured_media":0,"parent":0,"menu_order":0,"comment_status":"closed","ping_status":"closed","template":"","meta":{"_genesis_hide_title":false,"_genesis_hide_breadcrumbs":false,"_genesis_hide_singular_image":false,"_genesis_hide_footer_widgets":false,"_genesis_custom_body_class":"","_genesis_custom_post_class":"","_genesis_layout":"","footnotes":""},"class_list":{"0":"post-4942","1":"page","2":"type-page","3":"status-publish","5":"entry"},"aioseo_notices":[],"featured_image_src":null,"featured_image_src_square":null,"_links":{"self":[{"href":"https:\/\/yourhumandesign.ch\/de\/wp-json\/wp\/v2\/pages\/4942","targetHints":{"allow":["GET"]}}],"collection":[{"href":"https:\/\/yourhumandesign.ch\/de\/wp-json\/wp\/v2\/pages"}],"about":[{"href":"https:\/\/yourhumandesign.ch\/de\/wp-json\/wp\/v2\/types\/page"}],"author":[{"embeddable":true,"href":"https:\/\/yourhumandesign.ch\/de\/wp-json\/wp\/v2\/users\/1"}],"replies":[{"embeddable":true,"href":"https:\/\/yourhumandesign.ch\/de\/wp-json\/wp\/v2\/comments?post=4942"}],"version-history":[{"count":5,"href":"https:\/\/yourhumandesign.ch\/de\/wp-json\/wp\/v2\/pages\/4942\/revisions"}],"predecessor-version":[{"id":5008,"href":"https:\/\/yourhumandesign.ch\/de\/wp-json\/wp\/v2\/pages\/4942\/revisions\/5008"}],"wp:attachment":[{"href":"https:\/\/yourhumandesign.ch\/de\/wp-json\/wp\/v2\/media?parent=4942"}],"curies":[{"name":"wp","href":"https:\/\/api.w.org\/{rel}","templated":true}]}}