{"id":7123,"date":"2025-06-28T16:09:46","date_gmt":"2025-06-28T14:09:46","guid":{"rendered":"https:\/\/yourhumandesign.ch\/haftungsausschluss\/"},"modified":"2025-06-28T16:24:47","modified_gmt":"2025-06-28T14:24:47","slug":"haftungsausschluss","status":"publish","type":"page","link":"https:\/\/yourhumandesign.ch\/de\/haftungsausschluss\/","title":{"rendered":"Haftungsausschluss"},"content":{"rendered":"\n<p>Unsere Sitzungen, Trainings und Live-Erfahrungen sind eine pers\u00f6nliche Reise der Selbsterkundung, die nicht leichtfertig eingegangen werden sollte. Mit der Teilnahme an unseren Kursen oder Sitzungen akzeptierst du, dass wir keine psychologische oder therapeutische Unterst\u00fctzung oder andere professionelle Beratung anbieten. Du bist f\u00fcr dein eigenes Wohlbefinden, deine Entscheidungen und deine Handlungen voll verantwortlich.<br\/><br\/>\u00dcbersetzt mit DeepL.com (kostenlose Version)<\/p>\n\n<p><\/p>\n\n<p><\/p>\n\n<p><\/p>\n","protected":false},"excerpt":{"rendered":"<p>Unsere Sitzungen, Trainings und Live-Erfahrungen sind eine pers\u00f6nliche Reise der Selbsterkundung, die nicht leichtfertig eingegangen werden sollte. Mit der Teilnahme an unseren Kursen oder Sitzungen akzeptierst du, dass wir keine psychologische oder therapeutische Unterst\u00fctzung oder andere professionelle Beratung anbieten. Du bist f\u00fcr dein eigenes Wohlbefinden, deine Entscheidungen und deine Handlungen voll verantwortlich. \u00dcbersetzt mit DeepL.com [&hellip;]<\/p>\n","protected":false},"author":1,"featured_media":0,"parent":0,"menu_order":0,"comment_status":"closed","ping_status":"closed","template":"","meta":{"_genesis_hide_title":false,"_genesis_hide_breadcrumbs":false,"_genesis_hide_singular_image":false,"_genesis_hide_footer_widgets":false,"_genesis_custom_body_class":"","_genesis_custom_post_class":"","_genesis_layout":"","footnotes":""},"class_list":{"0":"post-7123","1":"page","2":"type-page","3":"status-publish","5":"entry"},"aioseo_notices":[],"featured_image_src":null,"featured_image_src_square":null,"_links":{"self":[{"href":"https:\/\/yourhumandesign.ch\/de\/wp-json\/wp\/v2\/pages\/7123","targetHints":{"allow":["GET"]}}],"collection":[{"href":"https:\/\/yourhumandesign.ch\/de\/wp-json\/wp\/v2\/pages"}],"about":[{"href":"https:\/\/yourhumandesign.ch\/de\/wp-json\/wp\/v2\/types\/page"}],"author":[{"embeddable":true,"href":"https:\/\/yourhumandesign.ch\/de\/wp-json\/wp\/v2\/users\/1"}],"replies":[{"embeddable":true,"href":"https:\/\/yourhumandesign.ch\/de\/wp-json\/wp\/v2\/comments?post=7123"}],"version-history":[{"count":1,"href":"https:\/\/yourhumandesign.ch\/de\/wp-json\/wp\/v2\/pages\/7123\/revisions"}],"predecessor-version":[{"id":7124,"href":"https:\/\/yourhumandesign.ch\/de\/wp-json\/wp\/v2\/pages\/7123\/revisions\/7124"}],"wp:attachment":[{"href":"https:\/\/yourhumandesign.ch\/de\/wp-json\/wp\/v2\/media?parent=7123"}],"curies":[{"name":"wp","href":"https:\/\/api.w.org\/{rel}","templated":true}]}}