{"id":825,"date":"2020-05-11T00:30:30","date_gmt":"2020-05-10T22:30:30","guid":{"rendered":"http:\/\/vcvvyzvzkp8.c.updraftclone.com\/das-human-design\/"},"modified":"2020-10-29T22:53:13","modified_gmt":"2020-10-29T21:53:13","slug":"das-human-design","status":"publish","type":"page","link":"https:\/\/yourhumandesign.ch\/de\/das-human-design\/","title":{"rendered":"Das Human Design"},"content":{"rendered":"\n<div style=\"padding-right:6%;padding-bottom:8%;padding-top:8%\" class=\"wp-block-genesis-blocks-gb-container fade-in-up gb-block-container\"><div class=\"gb-container-inside\"><div class=\"gb-container-content\" style=\"max-width:1200px\">\n<p>Das Human Design ist ein neuer Weg um uns selbst besser kennenzulernen. Basierend auf Deiner Geburtszeit und -ort zeigt das Chart, wie die Existenz Dich erschaffen hat, um mit all Deinen Eigenschaften ein erf\u00fclltes Leben zu f\u00fchren. \u00dcblicherweise verlieren wir uns mit dem Erwachsenwerden darin, was wir und andere von uns erwarten.&#13;\nEin Human Design Reading kann uns wieder auf Kurs bringen &#8211; um hier und jetzt unser volles Potenzial auszusch\u00f6pfen; in unserer Arbeit, unseren Beziehungen und unserem geistigen Leben.<\/p>\n\n\n\n<p>Human Design besteht aus einer <strong>Synthese<\/strong> von vier alten Weisheitssystemen und wird durch wissenschaftliche Erkenntnisse aus Teilchenphysik und Genetik (Erbanlagen) erg\u00e4nzt.&#13;\n&#13;\nDie vier Systeme sind<\/p>\n\n\n\n<ul class=\"wp-block-list\"><li>Astrologie<\/li><li>Kabbalah<\/li><li>I Ching- Das Chinesische Buch der Wandlung<\/li><li>Indische Chakralehre<\/li><\/ul>\n\n\n<div class=\"wp-block-image\"><figure class=\"aligncenter size-full is-resized\"><img loading=\"lazy\" decoding=\"async\" src=\"https:\/\/yourhumandesign.ch\/wp-content\/uploads\/2020\/05\/Wheel-lowres.png\" alt=\"Human Design Mandala\" class=\"wp-image-762\" width=\"614\" height=\"467\" srcset=\"https:\/\/yourhumandesign.ch\/wp-content\/uploads\/2020\/05\/Wheel-lowres.png 819w, https:\/\/yourhumandesign.ch\/wp-content\/uploads\/2020\/05\/Wheel-lowres-300x228.png 300w, https:\/\/yourhumandesign.ch\/wp-content\/uploads\/2020\/05\/Wheel-lowres-768x583.png 768w\" sizes=\"auto, (max-width: 614px) 100vw, 614px\" \/><\/figure><\/div>\n\n\n\n<p>Die Synthese ist mehr als ihre Teile.<\/p>\n\n\n\n<p>Sie ist ein lebendiger Energiek\u00f6rper, welcher erstaunlich genau beschreibt, wie die Sch\u00f6pfung sich in einzigartiger Form in jedem Menschen individuell ausdr\u00fcckt. Dieser Ausdruck ist unser <strong>Human Design<\/strong>. Dadurch k\u00f6nnen wir unseren einzigartigen Weg im Leben und in unseren zwischenmenschlichen Bez\u00fcgen finden. Wir k\u00f6nnen unsere Entscheidungen aufgrund unserer nat\u00fcrlichen inneren Autorit\u00e4t treffen. Somit ergibt sich eine Harmonie und unser Leben verwandelt sich von einem st\u00e4ndigen Kampf in eine spannende, gen\u00fcssliche Reise.<\/p>\n\n\n\n<p>Es ist unsere eigene Wahl wie wir unser Leben gestalten. Das Human Design gibt uns wertvolle Werkzeuge f\u00fcr ein Leben, das sowohl uns als auch der Welt zum Segen gereicht.<\/p>\n\n\n\n<p>Gerne kannst Du mich <a href=\"https:\/\/yourhumandesign.ch\/de\/human-design\/\">als F\u00fchrer<\/a> f\u00fcr eine detaillierte Erkundung des Human Designs und Deines Charts anheuern.<\/p>\n<\/div><\/div><\/div>\n","protected":false},"excerpt":{"rendered":"","protected":false},"author":2,"featured_media":0,"parent":0,"menu_order":0,"comment_status":"closed","ping_status":"closed","template":"","meta":{"_genesis_hide_title":false,"_genesis_hide_breadcrumbs":false,"_genesis_hide_singular_image":false,"_genesis_hide_footer_widgets":false,"_genesis_custom_body_class":"","_genesis_custom_post_class":"","_genesis_layout":"","footnotes":""},"class_list":{"0":"post-825","1":"page","2":"type-page","3":"status-publish","5":"entry"},"aioseo_notices":[],"featured_image_src":null,"featured_image_src_square":null,"_links":{"self":[{"href":"https:\/\/yourhumandesign.ch\/de\/wp-json\/wp\/v2\/pages\/825","targetHints":{"allow":["GET"]}}],"collection":[{"href":"https:\/\/yourhumandesign.ch\/de\/wp-json\/wp\/v2\/pages"}],"about":[{"href":"https:\/\/yourhumandesign.ch\/de\/wp-json\/wp\/v2\/types\/page"}],"author":[{"embeddable":true,"href":"https:\/\/yourhumandesign.ch\/de\/wp-json\/wp\/v2\/users\/2"}],"replies":[{"embeddable":true,"href":"https:\/\/yourhumandesign.ch\/de\/wp-json\/wp\/v2\/comments?post=825"}],"version-history":[{"count":0,"href":"https:\/\/yourhumandesign.ch\/de\/wp-json\/wp\/v2\/pages\/825\/revisions"}],"wp:attachment":[{"href":"https:\/\/yourhumandesign.ch\/de\/wp-json\/wp\/v2\/media?parent=825"}],"curies":[{"name":"wp","href":"https:\/\/api.w.org\/{rel}","templated":true}]}}