{"id":831,"date":"2020-05-19T11:56:47","date_gmt":"2020-05-19T09:56:47","guid":{"rendered":"http:\/\/vcvvyzvzkp8.c.updraftclone.com\/ueber-mich\/"},"modified":"2020-10-29T22:53:17","modified_gmt":"2020-10-29T21:53:17","slug":"ueber-mich","status":"publish","type":"page","link":"https:\/\/yourhumandesign.ch\/de\/ueber-mich\/","title":{"rendered":"\u00dcber mich"},"content":{"rendered":"\n<div class=\"wp-block-image fade-in-up\"><figure class=\"alignleft size-full\"><img loading=\"lazy\" decoding=\"async\" width=\"450\" height=\"500\" src=\"https:\/\/yourhumandesign.ch\/wp-content\/uploads\/2020\/05\/Shant-Maui.jpg\" alt=\"Shantamo Kamstra\" class=\"wp-image-712\" srcset=\"https:\/\/yourhumandesign.ch\/wp-content\/uploads\/2020\/05\/Shant-Maui.jpg 450w, https:\/\/yourhumandesign.ch\/wp-content\/uploads\/2020\/05\/Shant-Maui-270x300.jpg 270w\" sizes=\"auto, (max-width: 450px) 100vw, 450px\" \/><\/figure><\/div>\n\n\n\n<div style=\"color:#ddd\" class=\"wp-block-genesis-blocks-gb-spacer gb-block-spacer gb-divider-solid gb-divider-size-1\"><hr style=\"height:30px\"\/><\/div>\n\n\n\n<p>Ich wurde in den Niederlanden geboren. Ich habe an der Filmakademie in Amsterdam studiert. W\u00e4hrend ich in einem Fernsehstudio arbeitete, kam Meditation in mein Leben und damit der erleuchtete Mystiker Osho.<\/p>\n\n\n\n<p>Bald befand ich mich auf dem Weg nach Indien um den Meister zu treffen. Nachdem er mich initiiert hat, habe ich mich der Gemeinschaft um ihn herum angeschlossen, und verbrachte die meisten der folgenden Jahre in Indien. Ich lernte nach innen zu schauen, gro\u00dfe T\u00f6pfe mit indischem Chai zu kochen und auch das menschliche Energiefeld zu lesen. In meiner Zeit im Westen arbeitete ich als Koch, Reinigungskraft und Netzwerkadministrator.<\/p>\n\n\n\n<p>Ich bin in verschiedenen Therapieformen * ausgebildet und als Heilpraktiker zugelassen. Ich bin zertifizierter Human Design Reader und Gene Keys Ambassador. Seit \u00fcber zwanzig Jahren leite ich Meditationen.<\/p>\n\n\n\n<figure class=\"wp-block-image size-large is-resized\"><a href=\"https:\/\/genekeys.com\/ambassadors\/shantamo-kamstra\/\" target=\"_blank\" rel=\"noopener noreferrer\"><img loading=\"lazy\" decoding=\"async\" src=\"https:\/\/yourhumandesign.ch\/wp-content\/uploads\/2020\/05\/Ambassador-Shantamo.jpg\" alt=\"Gene Keys Ambassador badge\" class=\"wp-image-718\" width=\"378\" height=\"124\"\/><\/a><\/figure>\n\n\n\n<p><a href=\"http:\/\/vcvvyzvzkp8.c.updraftclone.com\/de\/das-human-design\/\">Human Design<\/a> und die Genschl\u00fcssel geben mir die M\u00f6glichkeit, Analyse und Intuition, die linke und rechte Seite des Gehirns, zu integrieren. Es hat sich als elegante und effektive M\u00f6glichkeit herausgestellt um andere Menschen mit sich in Einklang zu bringen und zu inspirieren.<\/p>\n\n\n\n<p>Ich lebe in den Schweizer Bergen, ungef\u00e4hr eine Stunde von Z\u00fcrich entfernt. Ich spreche Deutsch, Englisch, Niederl\u00e4ndisch und etwas Italienisch.<\/p>\n\n\n\n<div style=\"height:20px\" aria-hidden=\"true\" class=\"wp-block-spacer\"><\/div>\n\n\n\n<div class=\"wp-block-genesis-blocks-gb-accordion gb-block-accordion gb-font-size-19\"><details><summary class=\"gb-accordion-title\">* Ausbildungen<\/summary><div class=\"gb-accordion-text\">\n<ul class=\"wp-block-list\"><li>Atemtherapie<\/li><li>Neo-Reichianische K\u00f6rperarbeit<\/li><li>Hypnose nach Milton Erickson<\/li><li>Arbeit mit dem Inneren Kind<\/li><li>NLP Practitioner<\/li><li>Esalen Massage<\/li><li>Chakra and Energie Lesen<\/li><li>Kristallarbeit<\/li><\/ul>\n<\/div><\/details><\/div>\n","protected":false},"excerpt":{"rendered":"<p>Ich wurde in den Niederlanden geboren. Ich habe an der Filmakademie in Amsterdam studiert. W\u00e4hrend ich in einem Fernsehstudio arbeitete, kam Meditation in mein Leben und damit der erleuchtete Mystiker Osho. Bald befand ich mich auf dem Weg nach Indien um den Meister zu treffen. Nachdem er mich initiiert hat, habe ich mich der Gemeinschaft [&hellip;]<\/p>\n","protected":false},"author":1,"featured_media":0,"parent":0,"menu_order":0,"comment_status":"closed","ping_status":"closed","template":"","meta":{"_genesis_hide_title":false,"_genesis_hide_breadcrumbs":false,"_genesis_hide_singular_image":false,"_genesis_hide_footer_widgets":false,"_genesis_custom_body_class":"","_genesis_custom_post_class":"","_genesis_layout":"","footnotes":""},"class_list":{"0":"post-831","1":"page","2":"type-page","3":"status-publish","5":"entry"},"aioseo_notices":[],"featured_image_src":null,"featured_image_src_square":null,"_links":{"self":[{"href":"https:\/\/yourhumandesign.ch\/de\/wp-json\/wp\/v2\/pages\/831","targetHints":{"allow":["GET"]}}],"collection":[{"href":"https:\/\/yourhumandesign.ch\/de\/wp-json\/wp\/v2\/pages"}],"about":[{"href":"https:\/\/yourhumandesign.ch\/de\/wp-json\/wp\/v2\/types\/page"}],"author":[{"embeddable":true,"href":"https:\/\/yourhumandesign.ch\/de\/wp-json\/wp\/v2\/users\/1"}],"replies":[{"embeddable":true,"href":"https:\/\/yourhumandesign.ch\/de\/wp-json\/wp\/v2\/comments?post=831"}],"version-history":[{"count":0,"href":"https:\/\/yourhumandesign.ch\/de\/wp-json\/wp\/v2\/pages\/831\/revisions"}],"wp:attachment":[{"href":"https:\/\/yourhumandesign.ch\/de\/wp-json\/wp\/v2\/media?parent=831"}],"curies":[{"name":"wp","href":"https:\/\/api.w.org\/{rel}","templated":true}]}}