{"id":5027,"date":"2023-02-07T16:48:48","date_gmt":"2023-02-07T15:48:48","guid":{"rendered":"https:\/\/yourhumandesign.ch\/?page_id=5027"},"modified":"2023-02-07T16:48:49","modified_gmt":"2023-02-07T15:48:49","slug":"blog","status":"publish","type":"page","link":"https:\/\/yourhumandesign.ch\/it\/blog\/","title":{"rendered":"Blog"},"content":{"rendered":"\n<p class=\"has-larger-font-size\"><strong>Il nostro blog con le ultime novit\u00e0 di Your Human Design<\/strong><\/p>\n\n\n<section class=\"gb-block-post-grid featuredpost aligncenter\"><div class=\"gb-post-grid-items is-grid columns-2\"><article id=\"post-5019\" class=\"gb-post-grid-item post-5019 post type-post status-publish format-standard has-post-thumbnail category-conoscenza-di-human-design category-gene-keys-it tag-chiavi-genetiche tag-gene-keys-it tag-human-design-it entry\"><div class=\"gb-block-post-grid-image\"><a href=\"https:\/\/yourhumandesign.ch\/it\/come-il-desiderio-fa-nascere-le-cose\/\" rel=\"bookmark\" aria-hidden=\"true\" tabindex=\"-1\"><img loading=\"lazy\" decoding=\"async\" width=\"969\" height=\"560\" src=\"https:\/\/yourhumandesign.ch\/wp-content\/uploads\/2023\/02\/Tango-couple-hor.jpg\" class=\"attachment-full size-full\" alt=\"Una coppia balla\" srcset=\"https:\/\/yourhumandesign.ch\/wp-content\/uploads\/2023\/02\/Tango-couple-hor.jpg 969w, https:\/\/yourhumandesign.ch\/wp-content\/uploads\/2023\/02\/Tango-couple-hor-300x173.jpg 300w, https:\/\/yourhumandesign.ch\/wp-content\/uploads\/2023\/02\/Tango-couple-hor-768x444.jpg 768w\" sizes=\"auto, (max-width: 969px) 100vw, 969px\" \/><\/a><\/div><div class=\"gb-block-post-grid-text\"><header class=\"gb-block-post-grid-header\"><h3 class=\"gb-block-post-grid-title\"><a href=\"https:\/\/yourhumandesign.ch\/it\/come-il-desiderio-fa-nascere-le-cose\/\" rel=\"bookmark\">Come il desiderio fa nascere le cose<\/a><\/h3><div class=\"gb-block-post-grid-byline\"><div class=\"gb-block-post-grid-author\" itemprop=\"author\" itemtype=\"https:\/\/schema.org\/Person\"><a class=\"gb-text-link\" href=\"https:\/\/yourhumandesign.ch\/it\/author\/admin-190687285\/\" itemprop=\"url\" rel=\"author\"><span itemprop=\"name\">Shantamo<\/span><\/a><\/div><time datetime=\"2023-02-01T00:16:11+01:00\" class=\"gb-block-post-grid-date\" itemprop=\"datePublished\">1 Febbraio 2023<\/time><\/div><\/header><div class=\"gb-block-post-grid-excerpt\"><p>Roba forte in fondo alla Carta Nei mesi di gennaio e febbraio di quest&#8217;anno Saturno attraversa il Portale 30. Dal 22 al 27 gennaio Saturno ha attivato il Canale 30-41 con il Sole, ne fa parte anche Venere. Dal 13 al 18 febbraio vediamo il&hellip;<\/p>\n<p><a class=\"gb-block-post-grid-more-link gb-text-link\" href=\"https:\/\/yourhumandesign.ch\/it\/come-il-desiderio-fa-nascere-le-cose\/\" rel=\"bookmark\">Per saperne di pi\u00f9 <span class=\"screen-reader-text\">Come il desiderio fa nascere le cose<\/span><\/a><\/p><\/div><\/div><\/article>\n<article id=\"post-3472\" class=\"gb-post-grid-item post-3472 post type-post status-publish format-standard has-post-thumbnail category-conoscenza-di-human-design tag-human-design-it tag-predizioni tag-ra-uru-hu entry\"><div class=\"gb-block-post-grid-image\"><a href=\"https:\/\/yourhumandesign.ch\/it\/il-canale-del-carisma-e-un-supereroe-tantrico\/\" rel=\"bookmark\" aria-hidden=\"true\" tabindex=\"-1\"><img loading=\"lazy\" decoding=\"async\" width=\"1920\" height=\"1440\" src=\"https:\/\/yourhumandesign.ch\/wp-content\/uploads\/2021\/09\/Trumpet-Angels-e1630544343812.jpg\" class=\"attachment-full size-full\" alt=\"Angeli chi suonano le trompe\" \/><\/a><\/div><div class=\"gb-block-post-grid-text\"><header class=\"gb-block-post-grid-header\"><h3 class=\"gb-block-post-grid-title\"><a href=\"https:\/\/yourhumandesign.ch\/it\/il-canale-del-carisma-e-un-supereroe-tantrico\/\" rel=\"bookmark\">Il canale del Carisma \u00e8 un supereroe Tantrico?<\/a><\/h3><div class=\"gb-block-post-grid-byline\"><div class=\"gb-block-post-grid-author\" itemprop=\"author\" itemtype=\"https:\/\/schema.org\/Person\"><a class=\"gb-text-link\" href=\"https:\/\/yourhumandesign.ch\/it\/author\/admin-190687285\/\" itemprop=\"url\" rel=\"author\"><span itemprop=\"name\">Shantamo<\/span><\/a><\/div><time datetime=\"2021-09-02T02:19:51+02:00\" class=\"gb-block-post-grid-date\" itemprop=\"datePublished\">2 Settembre 2021<\/time><\/div><\/header><div class=\"gb-block-post-grid-excerpt\"><p>Il canale del carisma (o essere occupato) Questa \u00e8 l&#8217;unica connessione diretta, o &#8220;volo diretto&#8221;, tra l&#8217;energia vitale del centro Generatore e le capacit\u00e0 di manifestazione del centro della Gola. Delle sei connessioni pi\u00f9 vicine &#8211; per cos\u00ec dire con una sosta in un altro&hellip;<\/p>\n<p><a class=\"gb-block-post-grid-more-link gb-text-link\" href=\"https:\/\/yourhumandesign.ch\/it\/il-canale-del-carisma-e-un-supereroe-tantrico\/\" rel=\"bookmark\">Per saperne di pi\u00f9 <span class=\"screen-reader-text\">Il canale del Carisma \u00e8 un supereroe Tantrico?<\/span><\/a><\/p><\/div><\/div><\/article>\n<article id=\"post-2858\" class=\"gb-post-grid-item post-2858 post type-post status-publish format-standard has-post-thumbnail category-conoscenza-di-human-design tag-human-design-it tag-human-design-types-it tag-relazioni entry\"><div class=\"gb-block-post-grid-image\"><a href=\"https:\/\/yourhumandesign.ch\/it\/le-interazioni-dei-tipi-di-human-design\/\" rel=\"bookmark\" aria-hidden=\"true\" tabindex=\"-1\"><img loading=\"lazy\" decoding=\"async\" width=\"1920\" height=\"1084\" src=\"https:\/\/yourhumandesign.ch\/wp-content\/uploads\/2021\/04\/woman-690034_1920-e1619743652918.jpg\" class=\"attachment-full size-full\" alt=\"\" srcset=\"https:\/\/yourhumandesign.ch\/wp-content\/uploads\/2021\/04\/woman-690034_1920-e1619743652918.jpg 1920w, https:\/\/yourhumandesign.ch\/wp-content\/uploads\/2021\/04\/woman-690034_1920-e1619743652918-300x169.jpg 300w, https:\/\/yourhumandesign.ch\/wp-content\/uploads\/2021\/04\/woman-690034_1920-e1619743652918-1024x578.jpg 1024w, https:\/\/yourhumandesign.ch\/wp-content\/uploads\/2021\/04\/woman-690034_1920-e1619743652918-768x434.jpg 768w, https:\/\/yourhumandesign.ch\/wp-content\/uploads\/2021\/04\/woman-690034_1920-e1619743652918-1536x867.jpg 1536w, https:\/\/yourhumandesign.ch\/wp-content\/uploads\/2021\/04\/woman-690034_1920-e1619743652918-600x338.jpg 600w\" sizes=\"auto, (max-width: 1920px) 100vw, 1920px\" \/><\/a><\/div><div class=\"gb-block-post-grid-text\"><header class=\"gb-block-post-grid-header\"><h3 class=\"gb-block-post-grid-title\"><a href=\"https:\/\/yourhumandesign.ch\/it\/le-interazioni-dei-tipi-di-human-design\/\" rel=\"bookmark\">Introduzione di base alle interazioni tra i Tipi<\/a><\/h3><div class=\"gb-block-post-grid-byline\"><div class=\"gb-block-post-grid-author\" itemprop=\"author\" itemtype=\"https:\/\/schema.org\/Person\"><a class=\"gb-text-link\" href=\"https:\/\/yourhumandesign.ch\/it\/author\/admin-190687285\/\" itemprop=\"url\" rel=\"author\"><span itemprop=\"name\">Shantamo<\/span><\/a><\/div><time datetime=\"2021-04-30T02:18:49+02:00\" class=\"gb-block-post-grid-date\" itemprop=\"datePublished\">30 Aprile 2021<\/time><\/div><\/header><div class=\"gb-block-post-grid-excerpt\"><p>Il tuo Tipo, una delle tre chiavi principali dello Human Design, descrive come funziona la tua energia vitale. Se non conosci il tuo Tipo, puoi richiedere una Carta gratuita qui, e ti invier\u00f2 la descrizione del tuo Tipo insieme alla tua Carta. Sapere come il&hellip;<\/p>\n<p><a class=\"gb-block-post-grid-more-link gb-text-link\" href=\"https:\/\/yourhumandesign.ch\/it\/le-interazioni-dei-tipi-di-human-design\/\" rel=\"bookmark\">Per saperne di pi\u00f9 <span class=\"screen-reader-text\">Introduzione di base alle interazioni tra i Tipi<\/span><\/a><\/p><\/div><\/div><\/article>\n<article id=\"post-1336\" class=\"gb-post-grid-item post-1336 post type-post status-publish format-standard has-post-thumbnail category-conoscenza-di-human-design category-letture-della-carta tag-carte-di-human-design entry\"><div class=\"gb-block-post-grid-image\"><a href=\"https:\/\/yourhumandesign.ch\/it\/il-profilo-fisso-di-personalita\/\" rel=\"bookmark\" aria-hidden=\"true\" tabindex=\"-1\"><img loading=\"lazy\" decoding=\"async\" width=\"1200\" height=\"675\" src=\"https:\/\/yourhumandesign.ch\/wp-content\/uploads\/2017\/09\/Leaf-and-Light.jpg\" class=\"attachment-full size-full\" alt=\"Blatt und Licht\" srcset=\"https:\/\/yourhumandesign.ch\/wp-content\/uploads\/2017\/09\/Leaf-and-Light.jpg 1200w, https:\/\/yourhumandesign.ch\/wp-content\/uploads\/2017\/09\/Leaf-and-Light-300x169.jpg 300w, https:\/\/yourhumandesign.ch\/wp-content\/uploads\/2017\/09\/Leaf-and-Light-1024x576.jpg 1024w, https:\/\/yourhumandesign.ch\/wp-content\/uploads\/2017\/09\/Leaf-and-Light-768x432.jpg 768w, https:\/\/yourhumandesign.ch\/wp-content\/uploads\/2017\/09\/Leaf-and-Light-600x338.jpg 600w\" sizes=\"auto, (max-width: 1200px) 100vw, 1200px\" \/><\/a><\/div><div class=\"gb-block-post-grid-text\"><header class=\"gb-block-post-grid-header\"><h3 class=\"gb-block-post-grid-title\"><a href=\"https:\/\/yourhumandesign.ch\/it\/il-profilo-fisso-di-personalita\/\" rel=\"bookmark\">Il Profilo Fisso di Personalit\u00e0<\/a><\/h3><div class=\"gb-block-post-grid-byline\"><div class=\"gb-block-post-grid-author\" itemprop=\"author\" itemtype=\"https:\/\/schema.org\/Person\"><a class=\"gb-text-link\" href=\"https:\/\/yourhumandesign.ch\/it\/author\/shantamo\/\" itemprop=\"url\" rel=\"author\"><span itemprop=\"name\">Shantamo Kamstra<\/span><\/a><\/div><time datetime=\"2017-09-12T14:40:41+02:00\" class=\"gb-block-post-grid-date\" itemprop=\"datePublished\">12 Settembre 2017<\/time><\/div><\/header><div class=\"gb-block-post-grid-excerpt\"><p>Qui guardiamo la Carta di un Profilo Fisso di Personalit\u00e0, un evento raro nel mondo dello Human Design. I Profili descrivono il modo in cui vediamo noi stessi e il mondo che ci circonda, il che determina il modo in cui ci relazioniamo al mondo.&hellip;<\/p>\n<p><a class=\"gb-block-post-grid-more-link gb-text-link\" href=\"https:\/\/yourhumandesign.ch\/it\/il-profilo-fisso-di-personalita\/\" rel=\"bookmark\">Per saperne di pi\u00f9 <span class=\"screen-reader-text\">Il Profilo Fisso di Personalit\u00e0<\/span><\/a><\/p><\/div><\/div><\/article>\n<article id=\"post-1340\" class=\"gb-post-grid-item post-1340 post type-post status-publish format-standard has-post-thumbnail category-letture-della-carta category-vip tag-carte-di-human-design tag-politici entry\"><div class=\"gb-block-post-grid-image\"><a href=\"https:\/\/yourhumandesign.ch\/it\/nelson-mandela\/\" rel=\"bookmark\" aria-hidden=\"true\" tabindex=\"-1\"><img loading=\"lazy\" decoding=\"async\" width=\"1200\" height=\"675\" src=\"https:\/\/yourhumandesign.ch\/wp-content\/uploads\/2015\/05\/nelson-mandela-mural-e1591101970242.jpg\" class=\"attachment-full size-full\" alt=\"Nelson Mandela\" srcset=\"https:\/\/yourhumandesign.ch\/wp-content\/uploads\/2015\/05\/nelson-mandela-mural-e1591101970242.jpg 1200w, https:\/\/yourhumandesign.ch\/wp-content\/uploads\/2015\/05\/nelson-mandela-mural-e1591101970242-300x169.jpg 300w, https:\/\/yourhumandesign.ch\/wp-content\/uploads\/2015\/05\/nelson-mandela-mural-e1591101970242-1024x576.jpg 1024w, https:\/\/yourhumandesign.ch\/wp-content\/uploads\/2015\/05\/nelson-mandela-mural-e1591101970242-768x432.jpg 768w, https:\/\/yourhumandesign.ch\/wp-content\/uploads\/2015\/05\/nelson-mandela-mural-e1591101970242-600x338.jpg 600w\" sizes=\"auto, (max-width: 1200px) 100vw, 1200px\" \/><\/a><\/div><div class=\"gb-block-post-grid-text\"><header class=\"gb-block-post-grid-header\"><h3 class=\"gb-block-post-grid-title\"><a href=\"https:\/\/yourhumandesign.ch\/it\/nelson-mandela\/\" rel=\"bookmark\">Nelson Mandela<\/a><\/h3><div class=\"gb-block-post-grid-byline\"><div class=\"gb-block-post-grid-author\" itemprop=\"author\" itemtype=\"https:\/\/schema.org\/Person\"><a class=\"gb-text-link\" href=\"https:\/\/yourhumandesign.ch\/it\/author\/shantamo\/\" itemprop=\"url\" rel=\"author\"><span itemprop=\"name\">Shantamo Kamstra<\/span><\/a><\/div><time datetime=\"2015-05-07T11:40:00+02:00\" class=\"gb-block-post-grid-date\" itemprop=\"datePublished\">7 Maggio 2015<\/time><\/div><\/header><div class=\"gb-block-post-grid-excerpt\"><p>Nelson Mandela \u00e8 nato il 18 luglio 1918 a Mvezo, un villaggio non presente nel software di Human Design ma abbastanza vicino a Durban per fornire una Carta affidabile. Quindi ho usato Durban come luogo di nascita. Dei cinque Tipi in Human Design, Nelson Mandela&hellip;<\/p>\n<p><a class=\"gb-block-post-grid-more-link gb-text-link\" href=\"https:\/\/yourhumandesign.ch\/it\/nelson-mandela\/\" rel=\"bookmark\">Per saperne di pi\u00f9 <span class=\"screen-reader-text\">Nelson Mandela<\/span><\/a><\/p><\/div><\/div><\/article>\n<article id=\"post-1346\" class=\"gb-post-grid-item post-1346 post type-post status-publish format-standard has-post-thumbnail category-letture-della-carta category-vip tag-carte-di-human-design tag-politici entry\"><div class=\"gb-block-post-grid-image\"><a href=\"https:\/\/yourhumandesign.ch\/it\/la-carta-di-human-design-di-vladimir-putin\/\" rel=\"bookmark\" aria-hidden=\"true\" tabindex=\"-1\"><img loading=\"lazy\" decoding=\"async\" width=\"1200\" height=\"675\" src=\"https:\/\/yourhumandesign.ch\/wp-content\/uploads\/2020\/05\/Putin-e1591103024652.jpg\" class=\"attachment-full size-full\" alt=\"Putin parla in una conferenza stampa\" srcset=\"https:\/\/yourhumandesign.ch\/wp-content\/uploads\/2020\/05\/Putin-e1591103024652.jpg 1200w, https:\/\/yourhumandesign.ch\/wp-content\/uploads\/2020\/05\/Putin-e1591103024652-300x169.jpg 300w, https:\/\/yourhumandesign.ch\/wp-content\/uploads\/2020\/05\/Putin-e1591103024652-1024x576.jpg 1024w, https:\/\/yourhumandesign.ch\/wp-content\/uploads\/2020\/05\/Putin-e1591103024652-768x432.jpg 768w, https:\/\/yourhumandesign.ch\/wp-content\/uploads\/2020\/05\/Putin-e1591103024652-600x338.jpg 600w\" sizes=\"auto, (max-width: 1200px) 100vw, 1200px\" \/><\/a><\/div><div class=\"gb-block-post-grid-text\"><header class=\"gb-block-post-grid-header\"><h3 class=\"gb-block-post-grid-title\"><a href=\"https:\/\/yourhumandesign.ch\/it\/la-carta-di-human-design-di-vladimir-putin\/\" rel=\"bookmark\">La Carta di Human Design di Vladimir Putin<\/a><\/h3><div class=\"gb-block-post-grid-byline\"><div class=\"gb-block-post-grid-author\" itemprop=\"author\" itemtype=\"https:\/\/schema.org\/Person\"><a class=\"gb-text-link\" href=\"https:\/\/yourhumandesign.ch\/it\/author\/shantamo\/\" itemprop=\"url\" rel=\"author\"><span itemprop=\"name\">Shantamo Kamstra<\/span><\/a><\/div><time datetime=\"2014-04-15T18:00:00+02:00\" class=\"gb-block-post-grid-date\" itemprop=\"datePublished\">15 Aprile 2014<\/time><\/div><\/header><div class=\"gb-block-post-grid-excerpt\"><p>&#8220;Se faccio qualcosa, provo a continuarlo fino al suo completamento, o almeno cerco di garantire che porti il massimo risultato.&#8221; &#8211; Vladimir Putin La conquista della penisola di Crimea da parte della Russia \u00e8 stata in primo piano in questi giorni. Ha suscitato il mio&hellip;<\/p>\n<p><a class=\"gb-block-post-grid-more-link gb-text-link\" href=\"https:\/\/yourhumandesign.ch\/it\/la-carta-di-human-design-di-vladimir-putin\/\" rel=\"bookmark\">Per saperne di pi\u00f9 <span class=\"screen-reader-text\">La Carta di Human Design di Vladimir Putin<\/span><\/a><\/p><\/div><\/div><\/article>\n<\/div><\/section>","protected":false},"excerpt":{"rendered":"<p>Il nostro blog con le ultime novit\u00e0 di Your Human Design<\/p>\n","protected":false},"author":1,"featured_media":0,"parent":0,"menu_order":0,"comment_status":"closed","ping_status":"closed","template":"","meta":{"_genesis_hide_title":false,"_genesis_hide_breadcrumbs":false,"_genesis_hide_singular_image":false,"_genesis_hide_footer_widgets":false,"_genesis_custom_body_class":"","_genesis_custom_post_class":"","_genesis_layout":"","footnotes":""},"class_list":{"0":"post-5027","1":"page","2":"type-page","3":"status-publish","5":"entry"},"aioseo_notices":[],"featured_image_src":null,"featured_image_src_square":null,"_links":{"self":[{"href":"https:\/\/yourhumandesign.ch\/it\/wp-json\/wp\/v2\/pages\/5027","targetHints":{"allow":["GET"]}}],"collection":[{"href":"https:\/\/yourhumandesign.ch\/it\/wp-json\/wp\/v2\/pages"}],"about":[{"href":"https:\/\/yourhumandesign.ch\/it\/wp-json\/wp\/v2\/types\/page"}],"author":[{"embeddable":true,"href":"https:\/\/yourhumandesign.ch\/it\/wp-json\/wp\/v2\/users\/1"}],"replies":[{"embeddable":true,"href":"https:\/\/yourhumandesign.ch\/it\/wp-json\/wp\/v2\/comments?post=5027"}],"version-history":[{"count":1,"href":"https:\/\/yourhumandesign.ch\/it\/wp-json\/wp\/v2\/pages\/5027\/revisions"}],"predecessor-version":[{"id":5028,"href":"https:\/\/yourhumandesign.ch\/it\/wp-json\/wp\/v2\/pages\/5027\/revisions\/5028"}],"wp:attachment":[{"href":"https:\/\/yourhumandesign.ch\/it\/wp-json\/wp\/v2\/media?parent=5027"}],"curies":[{"name":"wp","href":"https:\/\/api.w.org\/{rel}","templated":true}]}}