{"id":811,"date":"2020-05-11T00:30:30","date_gmt":"2020-05-10T22:30:30","guid":{"rendered":"http:\/\/vcvvyzvzkp8.c.updraftclone.com\/cose-human-design\/"},"modified":"2020-10-29T22:53:13","modified_gmt":"2020-10-29T21:53:13","slug":"cose-human-design","status":"publish","type":"page","link":"https:\/\/yourhumandesign.ch\/it\/cose-human-design\/","title":{"rendered":"Cos\u2019\u00e8 Human Design"},"content":{"rendered":"\n<div style=\"padding-right:6%;padding-bottom:8%;padding-top:8%\" class=\"wp-block-genesis-blocks-gb-container fade-in-up gb-block-container\"><div class=\"gb-container-inside\"><div class=\"gb-container-content\" style=\"max-width:1200px\">\n<p>Lo Human Design \u00e8 un nuovo metodo per conoscere se stessi. Basandosi sui tuoi dati di nascita, ti mostra come l\u2019esistenza ti abbia creato con tutte le caratteristiche adatte a vivere in quanto essere umano completo. Nel corso della vita, la maggior parte di noi si allontana da quella conoscenza innata e buona parte della nostra autenticit\u00e0 si perde nel tentativo di soddisfare quelle che crediamo essere le aspettative degli altri su di noi.&#13;\nUna lettura di Human Design ci pu\u00f2 ricondurre a vivere il nostro pieno potenziale nel qui e ora; nel nostro lavoro, nelle nostre relazioni e nella nostra vita spirituale.<\/p>\n\n\n\n<p>Lo Human Design \u00e8 una sintesi di quattro antichi sistemi di saggezza, sostenuta da basi scientifiche nel campo della fisica delle particelle e della genetica.&#13;\n&#13;\nI sistemi sono:<\/p>\n\n\n\n<ul class=\"wp-block-list\"><li>l&#8217;Astrologia<\/li><li>la Kabbalah<\/li><li>l\u2019I Ching, il Libro dei Cambiamenti cinese<\/li><li> il sistema indiano che descrive come l\u2019energia vitale si muove attraverso i Chakra<\/li><\/ul>\n\n\n<div class=\"wp-block-image\"><figure class=\"aligncenter size-full is-resized\"><img loading=\"lazy\" decoding=\"async\" src=\"https:\/\/yourhumandesign.ch\/wp-content\/uploads\/2020\/05\/Wheel-lowres.png\" alt=\"Human Design Mandala\" class=\"wp-image-763\" width=\"614\" height=\"467\" srcset=\"https:\/\/yourhumandesign.ch\/wp-content\/uploads\/2020\/05\/Wheel-lowres.png 819w, https:\/\/yourhumandesign.ch\/wp-content\/uploads\/2020\/05\/Wheel-lowres-300x228.png 300w, https:\/\/yourhumandesign.ch\/wp-content\/uploads\/2020\/05\/Wheel-lowres-768x583.png 768w\" sizes=\"auto, (max-width: 614px) 100vw, 614px\" \/><\/figure><\/div>\n\n\n\n<p>La sintesi di cui \u00e8 frutto il sistema \u00e8 pi\u00f9 ampia della somma delle sue parti. Ha una vita propria. <\/p>\n\n\n\n<p>Fornisce una descrizione sorprendentemente accurata di come l\u2019esistenza si esprime in una forma unica in ogni individuo. Questa espressione \u00e8 il nostro <strong>Human Design<\/strong>. Ci aiuta a vedere il modo in cui interagiamo con la vita e ci relazioniamo con gli altri. Ci permette di prendere decisioni in accordo con l\u2019autorit\u00e0 presente dentro di noi. Espandendo questa conoscenza, potremo vedere le ripercussioni pratiche: le cose cominciano a sistemarsi, la vita diventa meno difficile e il viaggio pi\u00f9 piacevole.<\/p>\n\n\n\n<p>Spetta a noi scegliere come vogliamo vivere. Lo Human Design mette a disposizione gli strumenti per fare scelte a beneficio di noi stessi e del mondo in cui viviamo. <p> Puoi assumermi come guida per un&#8217;esplorazione pi\u00f9 approfondita dello Human Design e della tua carta. <\/p><\/p>\n\n\n\n<p>Puoi <a href=\"https:\/\/yourhumandesign.ch\/it\/lo-human-design\/\">assumermi come guida<\/a> per un\u2019esplorazione pi\u00f9 approfondita dello Human Design e della tua carta.<\/p>\n<\/div><\/div><\/div>\n","protected":false},"excerpt":{"rendered":"","protected":false},"author":2,"featured_media":0,"parent":0,"menu_order":0,"comment_status":"closed","ping_status":"closed","template":"","meta":{"_genesis_hide_title":false,"_genesis_hide_breadcrumbs":false,"_genesis_hide_singular_image":false,"_genesis_hide_footer_widgets":false,"_genesis_custom_body_class":"","_genesis_custom_post_class":"","_genesis_layout":"","footnotes":""},"class_list":{"0":"post-811","1":"page","2":"type-page","3":"status-publish","5":"entry"},"aioseo_notices":[],"featured_image_src":null,"featured_image_src_square":null,"_links":{"self":[{"href":"https:\/\/yourhumandesign.ch\/it\/wp-json\/wp\/v2\/pages\/811","targetHints":{"allow":["GET"]}}],"collection":[{"href":"https:\/\/yourhumandesign.ch\/it\/wp-json\/wp\/v2\/pages"}],"about":[{"href":"https:\/\/yourhumandesign.ch\/it\/wp-json\/wp\/v2\/types\/page"}],"author":[{"embeddable":true,"href":"https:\/\/yourhumandesign.ch\/it\/wp-json\/wp\/v2\/users\/2"}],"replies":[{"embeddable":true,"href":"https:\/\/yourhumandesign.ch\/it\/wp-json\/wp\/v2\/comments?post=811"}],"version-history":[{"count":0,"href":"https:\/\/yourhumandesign.ch\/it\/wp-json\/wp\/v2\/pages\/811\/revisions"}],"wp:attachment":[{"href":"https:\/\/yourhumandesign.ch\/it\/wp-json\/wp\/v2\/media?parent=811"}],"curies":[{"name":"wp","href":"https:\/\/api.w.org\/{rel}","templated":true}]}}